{"id":13831,"date":"2023-07-04T13:23:51","date_gmt":"2023-07-04T11:23:51","guid":{"rendered":"https:\/\/masiacangascons.com\/?page_id=13831"},"modified":"2024-02-26T10:22:58","modified_gmt":"2024-02-26T09:22:58","slug":"aviso-legal","status":"publish","type":"page","link":"https:\/\/masiacangascons.com\/en\/aviso-legal\/","title":{"rendered":"Legal advice"},"content":{"rendered":"<p><strong>Identificaci\u00f3n y Titularidad<\/strong><\/p>\n\n\n\n<p>En cumplimiento del art\u00edculo 10 de la Ley 34 \/ 2002, de 11 de julio, de Servicios de la Sociedad de la Informaci\u00f3n y Comercio Electr\u00f3nico, el Titular expone sus datos identificativos.<\/p>\n\n\n\n<p><strong>Titular: <\/strong>Castelroc S.L<\/p>\n\n\n\n<p><strong>CIF:&nbsp;<\/strong> B58645292<\/p>\n\n\n\n<p><strong>Domicilio:&nbsp; C\/Copernic 20 &#8211; 6-2 Barcelona 08021Barcelona ES<\/strong><\/p>\n\n\n\n<p><strong>Correo electr\u00f3nico: <\/strong>m.castelroc@gmail.com<\/p>\n\n\n\n<p><strong>Sitio Web URL: masiacangascons.com<\/strong><\/p>\n\n\n\n<p><strong>Condiciones de uso:<\/strong><\/p>\n\n\n\n<p>Al utilizar este sitio web, usted adquiere la condici\u00f3n de Usuario y acepta plenamente todas las cl\u00e1usulas y condiciones de uso que se encuentran en las siguientes p\u00e1ginas:<\/p>\n\n\n\n<ul class=\"wp-block-list\">\n<li>Aviso Legal<\/li>\n\n\n\n<li>Pol\u00edtica de Privacidad<\/li>\n\n\n\n<li>Cookies policy<\/li>\n<\/ul>\n\n\n\n<p>Si no est\u00e1 de acuerdo con alguna de estas cl\u00e1usulas y condiciones, le recomendamos abstenerse de utilizar este sitio web.<\/p>\n\n\n\n<p>Es importante destacar que el acceso a este sitio web no implica de ninguna manera el inicio de una relaci\u00f3n comercial con el Titular.<\/p>\n\n\n\n<p>El Titular de este sitio web brinda acceso y uso de diversos contenidos que han sido publicados a trav\u00e9s de Internet por el Titular mismo o sus colaboradores.<\/p>\n\n\n\n<p>Como usuario, usted est\u00e1 obligado y se compromete a no utilizar ning\u00fan contenido de este sitio web con fines il\u00edcitos, prohibidos por este Aviso Legal o por la legislaci\u00f3n vigente, que sean perjudiciales para los derechos e intereses de terceros, o que de alguna manera puedan da\u00f1ar, inutilizar, sobrecargar, deteriorar o impedir el uso normal de los contenidos, equipos inform\u00e1ticos, documentos, archivos y cualquier otro tipo de contenido almacenado en los equipos inform\u00e1ticos propios o contratados por el Titular, otros usuarios o cualquier usuario de Internet.<\/p>\n\n\n\n<p><strong>Medidas de seguridad:<\/strong><\/p>\n\n\n\n<p>Los datos personales que usted proporcione al Titular pueden ser almacenados en bases de datos automatizadas o no, las cuales son exclusivamente propiedad del Titular. Este \u00faltimo asume todas las medidas t\u00e9cnicas, organizativas y de seguridad necesarias para garantizar la confidencialidad, integridad y calidad de la informaci\u00f3n contenida en dichas bases de datos, de acuerdo con la normativa vigente en protecci\u00f3n de datos.<\/p>\n\n\n\n<p>Sin embargo, es importante tener en cuenta que las medidas de seguridad de los sistemas inform\u00e1ticos en Internet no son completamente infalibles. Por lo tanto, el Titular no puede garantizar la ausencia de virus u otros elementos que puedan causar alteraciones en los sistemas inform\u00e1ticos (tanto en el software como en el hardware) del Usuario, as\u00ed como en sus documentos electr\u00f3nicos y archivos almacenados en los mismos. Aunque el Titular emplea todos los medios necesarios y adopta las medidas de seguridad adecuadas para prevenir la presencia de dichos elementos perjudiciales.<\/p>\n\n\n\n<p><strong>Datos personales<\/strong><\/p>\n\n\n\n<p>Usted puede consultar toda la informaci\u00f3n relativa al tratamiento de datos personales que recoge el Titular en la p\u00e1gina de la Pol\u00edtica de Privacidad.<\/p>\n\n\n\n<p><strong>Propiedad intelectual e industrial<\/strong><\/p>\n\n\n\n<p>Todos los derechos est\u00e1n reservados.<\/p>\n\n\n\n<p>El acceso a este sitio web est\u00e1 sujeto a las siguientes condiciones: queda expresamente prohibida la reproducci\u00f3n, el almacenamiento permanente, la difusi\u00f3n de los contenidos o cualquier otro uso con fines p\u00fablicos o comerciales sin el consentimiento previo, expreso y por escrito del Titular.<\/p>\n\n\n\n<p><strong>Contacto<\/strong><\/p>\n\n\n\n<p>En caso de que usted tenga cualquier duda acerca de estas Condiciones legales o quiera realizar cualquier comentario sobre este sitio Web, puede enviar un mensaje de correo electr\u00f3nico a la direcci\u00f3n correo electr\u00f3nico: m.castelroc@gmail.com<\/p>","protected":false},"excerpt":{"rendered":"<p>Identificaci\u00f3n y Titularidad En cumplimiento del art\u00edculo 10 de la Ley 34 \/ 2002, de 11 de julio, de Servicios de la Sociedad de la&hellip;<\/p>","protected":false},"author":8,"featured_media":0,"parent":0,"menu_order":0,"comment_status":"closed","ping_status":"closed","template":"","meta":{"footnotes":""},"class_list":["post-13831","page","type-page","status-publish","hentry"],"_links":{"self":[{"href":"https:\/\/masiacangascons.com\/en\/wp-json\/wp\/v2\/pages\/13831","targetHints":{"allow":["GET"]}}],"collection":[{"href":"https:\/\/masiacangascons.com\/en\/wp-json\/wp\/v2\/pages"}],"about":[{"href":"https:\/\/masiacangascons.com\/en\/wp-json\/wp\/v2\/types\/page"}],"author":[{"embeddable":true,"href":"https:\/\/masiacangascons.com\/en\/wp-json\/wp\/v2\/users\/8"}],"replies":[{"embeddable":true,"href":"https:\/\/masiacangascons.com\/en\/wp-json\/wp\/v2\/comments?post=13831"}],"version-history":[{"count":0,"href":"https:\/\/masiacangascons.com\/en\/wp-json\/wp\/v2\/pages\/13831\/revisions"}],"wp:attachment":[{"href":"https:\/\/masiacangascons.com\/en\/wp-json\/wp\/v2\/media?parent=13831"}],"curies":[{"name":"wp","href":"https:\/\/api.w.org\/{rel}","templated":true}]}}