{"id":13834,"date":"2023-07-04T13:24:25","date_gmt":"2023-07-04T11:24:25","guid":{"rendered":"https:\/\/masiacangascons.com\/?page_id=13834"},"modified":"2023-07-04T13:24:26","modified_gmt":"2023-07-04T11:24:26","slug":"politica-de-cookies","status":"publish","type":"page","link":"https:\/\/masiacangascons.com\/en\/politica-de-cookies\/","title":{"rendered":"Cookies policy"},"content":{"rendered":"<p>Castelroc S.L. informa acerca del uso de las cookies en la p\u00e1gina web.<\/p>\n\n\n\n<p>Las cookies son archivos que se pueden descargar en los equipos a trav\u00e9s de las p\u00e1ginas web. Son herramientas que tienen un papel esencial para la prestaci\u00f3n de numerosos servicios de la sociedad de la informaci\u00f3n. Entre otros, permiten a una p\u00e1gina web almacenar y recuperar informaci\u00f3n sobre los h\u00e1bitos de navegaci\u00f3n de un usuario o de su equipo y, dependiendo de la informaci\u00f3n obtenida, se pueden utilizar para reconocer al usuario y mejorar el servicio.<\/p>\n\n\n\n<h3 class=\"wp-block-heading\">Tipos de Cookies<\/h3>\n\n\n\n<p>Se pueden distinguir dos tipos: cookies propias y cookies de terceros.<\/p>\n\n\n\n<p>Existe tambi\u00e9n una segunda clasificaci\u00f3n seg\u00fan el plazo de tiempo que permanecen almacenadas en el navegador del cliente, pudiendo tratarse de cookies de sesi\u00f3n persistentes.<\/p>\n\n\n\n<p>Por \u00faltimo, existe otra clasificaci\u00f3n con cinco tipos de cookies seg\u00fan la finalidad para la que se traten los datos obtenidos: cookies t\u00e9cnicas, de personalizaci\u00f3n, de an\u00e1lisis, publicitarias y de publicidad comportamental.<\/p>\n\n\n\n<h3 class=\"wp-block-heading\">Aceptaci\u00f3n de la Pol\u00edtica de cookies<\/h3>\n\n\n\n<p>Castelroc S.L. asume que usted acepta el uso de cookies. No obstante, muestra informaci\u00f3n sobre su Pol\u00edtica de cookies en la parte inferior de cualquier p\u00e1gina.<\/p>\n\n\n\n<p>Ante esta informaci\u00f3n es posible llevar a cabo las siguientes acciones:<\/p>\n\n\n\n<p>Estoy de acuerdo. No se volver\u00e1 a visualizar este aviso al acceder a cualquier p\u00e1gina del portal durante la presente sesi\u00f3n.<br>Se oculta el aviso en la presente p\u00e1gina.<br>Leer m\u00e1s. Podr\u00e1 obtener m\u00e1s informaci\u00f3n sobre qu\u00e9 son las cookies, o bien modificar la configuraci\u00f3n de su navegador.<\/p>\n\n\n\n<h3 class=\"wp-block-heading\">Manipulaci\u00f3n de las Cookies<\/h3>\n\n\n\n<p>Usted puede restringir, bloquear o borrar las cookies de ABISMA o cualquier otra p\u00e1gina web, utilizando su navegador. En cada navegador la operativa es diferente, la funci\u00f3n de \u201cAyuda\u201d le mostrar\u00e1 c\u00f3mo hacerlo.<\/p>\n\n\n\n<p><a href=\"https:\/\/support.microsoft.com\/es-es\/help\/17442\/windows-internet-explorer-delete-manage-cookies\" target=\"_blank\" rel=\"noreferrer noopener\">Microsoft<\/a>&nbsp;Edge<\/p>\n\n\n\n<p><a href=\"https:\/\/support.mozilla.org\/es\/kb\/habilitar-y-deshabilitar-cookies-sitios-web-rastrear-preferencias\" target=\"_blank\" rel=\"noreferrer noopener\">FireFox<\/a><\/p>\n\n\n\n<p><a href=\"https:\/\/support.google.com\/accounts\/answer\/61416?hl=es\" target=\"_blank\" rel=\"noreferrer noopener\">Chrome<\/a><\/p>\n\n\n\n<p>Safari<\/p>","protected":false},"excerpt":{"rendered":"<p>Castelroc S.L. informa acerca del uso de las cookies en la p\u00e1gina web. Las cookies son archivos que se pueden descargar en los equipos a&hellip;<\/p>","protected":false},"author":8,"featured_media":0,"parent":0,"menu_order":0,"comment_status":"closed","ping_status":"closed","template":"","meta":{"footnotes":""},"class_list":["post-13834","page","type-page","status-publish","hentry"],"_links":{"self":[{"href":"https:\/\/masiacangascons.com\/en\/wp-json\/wp\/v2\/pages\/13834","targetHints":{"allow":["GET"]}}],"collection":[{"href":"https:\/\/masiacangascons.com\/en\/wp-json\/wp\/v2\/pages"}],"about":[{"href":"https:\/\/masiacangascons.com\/en\/wp-json\/wp\/v2\/types\/page"}],"author":[{"embeddable":true,"href":"https:\/\/masiacangascons.com\/en\/wp-json\/wp\/v2\/users\/8"}],"replies":[{"embeddable":true,"href":"https:\/\/masiacangascons.com\/en\/wp-json\/wp\/v2\/comments?post=13834"}],"version-history":[{"count":0,"href":"https:\/\/masiacangascons.com\/en\/wp-json\/wp\/v2\/pages\/13834\/revisions"}],"wp:attachment":[{"href":"https:\/\/masiacangascons.com\/en\/wp-json\/wp\/v2\/media?parent=13834"}],"curies":[{"name":"wp","href":"https:\/\/api.w.org\/{rel}","templated":true}]}}