{"id":3,"date":"2019-03-19T18:27:53","date_gmt":"2019-03-19T17:27:53","guid":{"rendered":"http:\/\/masiacangascons.com\/?page_id=3"},"modified":"2024-02-26T10:24:24","modified_gmt":"2024-02-26T09:24:24","slug":"politica-privacidad","status":"publish","type":"page","link":"https:\/\/masiacangascons.com\/en\/politica-privacidad\/","title":{"rendered":"Privacy policy"},"content":{"rendered":"<p><strong>Pol\u00edtica de privacidad:<\/strong><\/p>\n\n\n\n<p>A presente Pol\u00edtica de Protecci\u00f3n de Datos se aplicar\u00e1 a la navegaci\u00f3n por el portal <strong>\u201dmasiacangastons.com\u201d<\/strong> , y sus subdominios, as\u00ed como a la contrataci\u00f3n, en su caso, de nuestros servicios.<\/p>\n\n\n\n<p><strong>\u00bfQui\u00e9n es el responsable del tratamiento de sus datos personales?<\/strong><\/p>\n\n\n\n<p>Castelroc S.L, Direcci\u00f3n: C\/Copernic 20 &#8211; 6-2 Barcelona 08021Barcelona ES , B58645292, y direcci\u00f3n de correo electr\u00f3nico <a href=\"mailto:m.castelroc@gmail.com\">m.castelroc@gmail.com<\/a> (en adelante, \u201cCastelroc S.L\u201d)<\/p>\n\n\n\n<p>Delegado de Protecci\u00f3n de Datos: <a href=\"mailto:m.castelroc@gmail.com\">m.castelroc@gmail.com<\/a><\/p>\n\n\n\n<p><strong>Delegado \u00bfQu\u00e9 datos personales tratamos?<\/strong><\/p>\n\n\n\n<p>Datos de identificaci\u00f3n. Nombre y apellidos, empresa a la que representa, direcci\u00f3n postal y electr\u00f3nica, y tel\u00e9fonos corporativos.<\/p>\n\n\n\n<p>Informaci\u00f3n sobre sus visitas a nuestra p\u00e1gina web. Para m\u00e1s informaci\u00f3n, consulte nuestra Pol\u00edtica de Cookies.<\/p>\n\n\n\n<p>Cualquier dato personal que Ud., de forma voluntaria, nos env\u00ede mediante correo electr\u00f3nico.<\/p>\n\n\n\n<p>Cualquier dato personal que Ud., de forma voluntaria, nos proporcione a trav\u00e9s de los diferentes formularios del site.<\/p>\n\n\n\n<p>Cualquier informaci\u00f3n que Ud., de forma voluntaria, comparta p\u00fablicamente en las redes sociales de ANCO. Dicha informaci\u00f3n estar\u00e1 sujeta a la pol\u00edtica de privacidad de la red social en la que Ud. la comparta, por lo que le recomendamos revise la configuraci\u00f3n de privacidad de su perfil. de Protecci\u00f3n de Datos: <a href=\"mailto:m.castelroc@gmail.com\">m.castelroc@gmail.com<\/a><\/p>\n\n\n\n<p><strong>\u00bfC\u00f3mo obtenemos sus datos personales?<\/strong><\/p>\n\n\n\n<p>Los datos que tratamos son:<\/p>\n\n\n\n<p>Los que Ud. nos facilita a trav\u00e9s de los diferentes formularios del site;<\/p>\n\n\n\n<p>Los que Ud. nos env\u00ede voluntariamente mediante correo electr\u00f3nico;<\/p>\n\n\n\n<p>Los que Ud. nos facilita al contratar nuestros productos y\/o servicios;<\/p>\n\n\n\n<p><strong>\u00bfPara qu\u00e9 tratamos sus datos personales? Legitimaci\u00f3n<\/strong><\/p>\n\n\n\n<p><strong>Datos personales que Ud. nos facilita a trav\u00e9s de los formularios de nuestra web:<\/strong><\/p>\n\n\n\n<p><strong>Finalidad:<\/strong> Facilitarle la informaci\u00f3n que Ud. solicite sobre nuestros servicios, en el marco de nuestra gesti\u00f3n comercial, elaboraci\u00f3n de perfiles comerciales y env\u00edo de comunicaciones comerciales personalizadas en base a tus preferencias.<\/p>\n\n\n\n<p><strong>Legitimaci\u00f3n:<\/strong> Nuestro inter\u00e9s leg\u00edtimo de atender de forma adecuada a su solicitud y entablar, en su caso, relaciones comerciales con la empresa a la que representa.<\/p>\n\n\n\n<p>Igualmente, cuando el tratamiento de sus Datos implique la elaboraci\u00f3n de perfiles comerciales y\/o cuando la informaci\u00f3n sobre nuestros servicios se facilita mediante correo electr\u00f3nico, Castelroc S.L recaba previamente el consentimiento del interesado. Ud. podr\u00e1 revocar este consentimiento en cualquier momento, mediante el env\u00edo de un correo electr\u00f3nico a la siguiente direcci\u00f3n: m.castelroc@gmail.com<\/p>\n\n\n\n<p><strong>Datos personales que Ud. nos facilita al contratar nuestros productos y\/o servicios<\/strong><\/p>\n\n\n\n<p><strong>Finalidad:<\/strong> Garantizar la correcta prestaci\u00f3n de los servicios que su empresa contrate con nosotros.<\/p>\n\n\n\n<p><strong>Legitimaci\u00f3n:<\/strong> La ejecuci\u00f3n del correspondiente contrato de prestaci\u00f3n de servicios, y el cumplimiento de nuestras obligaciones legales derivadas del mismo.<\/p>\n\n\n\n<p><strong>\u00bfQui\u00e9n tiene acceso a sus datos personales?<\/strong><\/p>\n\n\n\n<p>Sus datos personales s\u00f3lo se comunicar\u00e1n a aquellas personas o entidades que precisen acceder a los mismos en el marco de los tratamientos detallados en los apartados anteriores (Encargados del Tratamiento). En cualquier otro caso, antes de ceder sus datos a terceros solicitaremos su consentimiento.<\/p>\n\n\n\n<p>Castelroc S.L velar\u00e1 para que los Encargados del Tratamiento de sus datos personales garanticen el cumplimiento de la normativa en materia de protecci\u00f3n de datos, preservando la seguridad y confidencialidad de la informaci\u00f3n.<\/p>\n\n\n\n<p>En el marco de la gesti\u00f3n comercial de la Compa\u00f1\u00eda, Castelroc S.L puede encargar el tratamiento de los datos de contacto de sus clientes a determinados prestadores de servicios de marketing. Dicho tratamiento comprende el acceso por parte de dichos prestadores de servicios y, en ocasiones, el almacenamiento de los datos de contacto de clientes en servidores ubicados fuera del Espacio Econ\u00f3mico Europeo, lo cual constituye una transferencia internacional de datos personales.<\/p>\n\n\n\n<p><strong>\u00bfPor cu\u00e1nto tiempo conservamos sus datos personales?<\/strong><\/p>\n\n\n\n<p>Sus datos personales ser\u00e1n conservados por el tiempo que sea necesario para cumplir con las finalidades para los que fueron recogidos. Transcurrido dicho tiempo, Castelroc S.L proceder\u00e1 a suprimirlos de sus sistemas, sin perjuicio de la posibilidad de conservarlos, limitando su tratamiento al ejercicio y defensa de reclamaciones, en los t\u00e9rminos previstos por la legislaci\u00f3n aplicable.<\/p>\n\n\n\n<p><strong>Derechos del Usuario<\/strong><\/p>\n\n\n\n<p>Como usuario de nuestros servicios, tienes derechos en relaci\u00f3n con tus datos personales. A continuaci\u00f3n, describimos tus derechos y c\u00f3mo puedes ejercerlos:<\/p>\n\n\n\n<p><strong>Derecho de acceso: <\/strong>Tienes derecho a solicitar informaci\u00f3n sobre los datos personales que tenemos sobre ti y a obtener una copia de estos. Si deseas ejercer este derecho, por favor, cont\u00e1ctanos utilizando la informaci\u00f3n de contacto proporcionada al final de esta pol\u00edtica.<\/p>\n\n\n\n<p><strong>Derecho de rectificaci\u00f3n:<\/strong> Si crees que la informaci\u00f3n personal que tenemos es incorrecta, incompleta o desactualizada, tienes derecho a solicitar la rectificaci\u00f3n de tus datos. Puedes hacerlo poni\u00e9ndote en contacto con nosotros a trav\u00e9s de los detalles proporcionados al final de esta pol\u00edtica.<\/p>\n\n\n\n<p><strong>Derecho de supresi\u00f3n:<\/strong> En ciertas circunstancias, tienes derecho a solicitar la eliminaci\u00f3n de tus datos personales. Si deseas ejercer este derecho, cont\u00e1ctanos utilizando la informaci\u00f3n de contacto proporcionada al final de esta pol\u00edtica. Sin embargo, ten en cuenta que es posible que existan requisitos legales o razones leg\u00edtimas que nos impidan eliminar determinada informaci\u00f3n.<\/p>\n\n\n\n<p><strong>Derecho de oposici\u00f3n:<\/strong> Puedes oponerte al tratamiento de tus datos personales en determinadas circunstancias, como cuando el tratamiento se basa en nuestros intereses leg\u00edtimos. Si deseas ejercer este derecho, cont\u00e1ctanos utilizando la informaci\u00f3n de contacto proporcionada al final de esta pol\u00edtica.<\/p>\n\n\n\n<p><strong>Derecho a la portabilidad de datos:<\/strong> Si lo permiten las leyes aplicables, tienes derecho a recibir los datos personales que nos has proporcionado en un formato estructurado, de uso com\u00fan y lectura mec\u00e1nica. Si deseas ejercer este derecho, cont\u00e1ctanos utilizando la informaci\u00f3n de contacto proporcionada al final de esta pol\u00edtica.<\/p>\n\n\n\n<p><strong>Derecho a la limitaci\u00f3n del tratamiento:<\/strong> En ciertas circunstancias, tienes derecho a solicitar la limitaci\u00f3n del tratamiento de tus datos personales. Si deseas ejercer este derecho, cont\u00e1ctanos utilizando la informaci\u00f3n de contacto proporcionada al final de esta pol\u00edtica.<\/p>\n\n\n\n<p><strong>Derecho a presentar una reclamaci\u00f3n:<\/strong> Si consideras que el tratamiento de tus datos personales infringe las leyes de protecci\u00f3n de datos, tienes derecho a presentar una reclamaci\u00f3n ante la autoridad de protecci\u00f3n de datos competente.<\/p>\n\n\n\n<p>Si deseas ejercer cualquiera de los derechos mencionados anteriormente o si tienes alguna pregunta o inquietud relacionada con la protecci\u00f3n de tus datos personales, no dudes en ponerte en contacto con nosotros a trav\u00e9s de los siguientes medios:<\/p>\n\n\n\n<p>Correo electr\u00f3nico: m.castelroc@gmail.com<\/p>\n\n\n\n<p>Direcci\u00f3n postal: 08021<\/p>\n\n\n\n<p>Nos esforzaremos por responder a tus solicitudes y resolver tus inquietudes de manera oportuna y en cumplimiento de las leyes de protecci\u00f3n de datos aplicables.<\/p>\n\n\n\n<p>Recuerda que, en algunos casos, es posible que necesitemos verificar tu identidad antes de procesar ciertas solicitudes relacionadas con tus derechos.<\/p>","protected":false},"excerpt":{"rendered":"<p>Pol\u00edtica de privacidad: A presente Pol\u00edtica de Protecci\u00f3n de Datos se aplicar\u00e1 a la navegaci\u00f3n por el portal \u201dmasiacangastons.com\u201d , y sus subdominios, as\u00ed como&hellip;<\/p>","protected":false},"author":3,"featured_media":0,"parent":0,"menu_order":0,"comment_status":"closed","ping_status":"open","template":"","meta":{"footnotes":""},"class_list":["post-3","page","type-page","status-publish","hentry"],"_links":{"self":[{"href":"https:\/\/masiacangascons.com\/en\/wp-json\/wp\/v2\/pages\/3","targetHints":{"allow":["GET"]}}],"collection":[{"href":"https:\/\/masiacangascons.com\/en\/wp-json\/wp\/v2\/pages"}],"about":[{"href":"https:\/\/masiacangascons.com\/en\/wp-json\/wp\/v2\/types\/page"}],"author":[{"embeddable":true,"href":"https:\/\/masiacangascons.com\/en\/wp-json\/wp\/v2\/users\/3"}],"replies":[{"embeddable":true,"href":"https:\/\/masiacangascons.com\/en\/wp-json\/wp\/v2\/comments?post=3"}],"version-history":[{"count":0,"href":"https:\/\/masiacangascons.com\/en\/wp-json\/wp\/v2\/pages\/3\/revisions"}],"wp:attachment":[{"href":"https:\/\/masiacangascons.com\/en\/wp-json\/wp\/v2\/media?parent=3"}],"curies":[{"name":"wp","href":"https:\/\/api.w.org\/{rel}","templated":true}]}}