{"id":5879,"date":"2019-03-21T15:06:06","date_gmt":"2019-03-21T14:06:06","guid":{"rendered":"http:\/\/masiacangascons.com\/?page_id=5879"},"modified":"2019-10-23T10:30:01","modified_gmt":"2019-10-23T08:30:01","slug":"la-masia","status":"publish","type":"page","link":"https:\/\/masiacangascons.com\/en\/la-masia\/","title":{"rendered":"ROOMS"},"content":{"rendered":"<div data-elementor-type=\"wp-post\" data-elementor-id=\"5879\" class=\"elementor elementor-5879\" data-elementor-post-type=\"page\">\n\t\t\t\t\t\t<section class=\"elementor-section elementor-top-section elementor-element elementor-element-facf0fe elementor-section-boxed elementor-section-height-default elementor-section-height-default\" data-id=\"facf0fe\" data-element_type=\"section\" data-e-type=\"section\">\n\t\t\t\t\t\t<div class=\"elementor-container elementor-column-gap-default\">\n\t\t\t\t\t<div class=\"elementor-column elementor-col-100 elementor-top-column elementor-element elementor-element-fac26aa\" data-id=\"fac26aa\" data-element_type=\"column\" data-e-type=\"column\">\n\t\t\t<div class=\"elementor-widget-wrap\">\n\t\t\t\t\t\t\t<\/div>\n\t\t<\/div>\n\t\t\t\t\t<\/div>\n\t\t<\/section>\n\t\t\t\t<\/div>","protected":false},"excerpt":{"rendered":"<p>Habitaci\u00f3n Tomillo Habitaci\u00f3n Salvia Habitaci\u00f3n Lavanda Habitaci\u00f3n Rosa Habitaci\u00f3n Vainilla Habitaci\u00f3n Laurel Suite Principal \u00a1Hola mundo!<\/p>","protected":false},"author":3,"featured_media":0,"parent":0,"menu_order":0,"comment_status":"closed","ping_status":"open","template":"elementor_header_footer","meta":{"footnotes":""},"class_list":["post-5879","page","type-page","status-publish","hentry"],"_links":{"self":[{"href":"https:\/\/masiacangascons.com\/en\/wp-json\/wp\/v2\/pages\/5879","targetHints":{"allow":["GET"]}}],"collection":[{"href":"https:\/\/masiacangascons.com\/en\/wp-json\/wp\/v2\/pages"}],"about":[{"href":"https:\/\/masiacangascons.com\/en\/wp-json\/wp\/v2\/types\/page"}],"author":[{"embeddable":true,"href":"https:\/\/masiacangascons.com\/en\/wp-json\/wp\/v2\/users\/3"}],"replies":[{"embeddable":true,"href":"https:\/\/masiacangascons.com\/en\/wp-json\/wp\/v2\/comments?post=5879"}],"version-history":[{"count":0,"href":"https:\/\/masiacangascons.com\/en\/wp-json\/wp\/v2\/pages\/5879\/revisions"}],"wp:attachment":[{"href":"https:\/\/masiacangascons.com\/en\/wp-json\/wp\/v2\/media?parent=5879"}],"curies":[{"name":"wp","href":"https:\/\/api.w.org\/{rel}","templated":true}]}}