{"id":5901,"date":"2019-03-21T16:26:34","date_gmt":"2019-03-21T15:26:34","guid":{"rendered":"http:\/\/masiacangascons.com\/?page_id=5901"},"modified":"2020-03-19T13:13:47","modified_gmt":"2020-03-19T12:13:47","slug":"la-masia-2","status":"publish","type":"page","link":"https:\/\/masiacangascons.com\/en\/la-masia-2\/","title":{"rendered":"FARMHOUSE"},"content":{"rendered":"<div data-elementor-type=\"wp-post\" data-elementor-id=\"5901\" class=\"elementor elementor-5901\" data-elementor-post-type=\"page\">\n\t\t\t\t\t\t<section class=\"elementor-section elementor-top-section elementor-element elementor-element-18283b9 elementor-section-boxed elementor-section-height-default elementor-section-height-default\" data-id=\"18283b9\" data-element_type=\"section\" data-e-type=\"section\">\n\t\t\t\t\t\t<div class=\"elementor-container elementor-column-gap-default\">\n\t\t\t\t\t<div class=\"elementor-column elementor-col-33 elementor-top-column elementor-element elementor-element-5c53729\" data-id=\"5c53729\" data-element_type=\"column\" data-e-type=\"column\">\n\t\t\t<div class=\"elementor-widget-wrap elementor-element-populated\">\n\t\t\t\t\t\t<div class=\"elementor-element elementor-element-3415722 elementor-widget elementor-widget-image\" data-id=\"3415722\" data-element_type=\"widget\" data-e-type=\"widget\" data-widget_type=\"image.default\">\n\t\t\t\t<div class=\"elementor-widget-container\">\n\t\t\t\t\t\t\t\t\t\t\t\t\t\t\t<img decoding=\"async\" src=\"https:\/\/masiacangascons.com\/wp-content\/uploads\/elementor\/thumbs\/ABETO-o7k566w92d8q1tryoewjpw06s4okmzarihllczyfz6.jpg\" title=\"ABETO\" alt=\"ABETO\" loading=\"lazy\" \/>\t\t\t\t\t\t\t\t\t\t\t\t\t\t\t<\/div>\n\t\t\t\t<\/div>\n\t\t\t\t\t<\/div>\n\t\t<\/div>\n\t\t\t\t<div class=\"elementor-column elementor-col-33 elementor-top-column elementor-element elementor-element-25d3796\" data-id=\"25d3796\" data-element_type=\"column\" data-e-type=\"column\">\n\t\t\t<div class=\"elementor-widget-wrap elementor-element-populated\">\n\t\t\t\t\t\t<div class=\"elementor-element elementor-element-2bcd3ca subrayado elementor-widget elementor-widget-heading\" data-id=\"2bcd3ca\" data-element_type=\"widget\" data-e-type=\"widget\" data-widget_type=\"heading.default\">\n\t\t\t\t<div class=\"elementor-widget-container\">\n\t\t\t\t\t<h2 class=\"elementor-heading-title elementor-size-default\">The Farmhouse<\/h2>\t\t\t\t<\/div>\n\t\t\t\t<\/div>\n\t\t\t\t\t<\/div>\n\t\t<\/div>\n\t\t\t\t<div class=\"elementor-column elementor-col-33 elementor-top-column elementor-element elementor-element-c0337f4\" data-id=\"c0337f4\" data-element_type=\"column\" data-e-type=\"column\">\n\t\t\t<div class=\"elementor-widget-wrap elementor-element-populated\">\n\t\t\t\t\t\t<div class=\"elementor-element elementor-element-4e711a5 elementor-widget elementor-widget-image\" data-id=\"4e711a5\" data-element_type=\"widget\" data-e-type=\"widget\" data-widget_type=\"image.default\">\n\t\t\t\t<div class=\"elementor-widget-container\">\n\t\t\t\t\t\t\t\t\t\t\t\t\t\t\t<img decoding=\"async\" src=\"https:\/\/masiacangascons.com\/wp-content\/uploads\/elementor\/thumbs\/ABETO-o7k566w92d8q1tryoewjpw06s4okmzarihllczyfz6.jpg\" title=\"ABETO\" alt=\"ABETO\" loading=\"lazy\" \/>\t\t\t\t\t\t\t\t\t\t\t\t\t\t\t<\/div>\n\t\t\t\t<\/div>\n\t\t\t\t\t<\/div>\n\t\t<\/div>\n\t\t\t\t\t<\/div>\n\t\t<\/section>\n\t\t\t\t<section class=\"elementor-section elementor-top-section elementor-element elementor-element-7ff6769 elementor-section-boxed elementor-section-height-default elementor-section-height-default\" data-id=\"7ff6769\" data-element_type=\"section\" data-e-type=\"section\">\n\t\t\t\t\t\t<div class=\"elementor-container elementor-column-gap-default\">\n\t\t\t\t\t<div class=\"elementor-column elementor-col-33 elementor-top-column elementor-element elementor-element-2812eec\" data-id=\"2812eec\" data-element_type=\"column\" data-e-type=\"column\">\n\t\t\t<div class=\"elementor-widget-wrap elementor-element-populated\">\n\t\t\t\t\t\t\t<\/div>\n\t\t<\/div>\n\t\t\t\t<div class=\"elementor-column elementor-col-33 elementor-top-column elementor-element elementor-element-8644b0d\" data-id=\"8644b0d\" data-element_type=\"column\" data-e-type=\"column\">\n\t\t\t<div class=\"elementor-widget-wrap elementor-element-populated\">\n\t\t\t\t\t\t<div class=\"elementor-element elementor-element-f2a67c6 elementor-widget elementor-widget-text-editor\" data-id=\"f2a67c6\" data-element_type=\"widget\" data-e-type=\"widget\" data-widget_type=\"text-editor.default\">\n\t\t\t\t<div class=\"elementor-widget-container\">\n\t\t\t\t\t\t\t\t\t<p>El nombre de Can Gascons, se atribuye a la donaci\u00f3n que hizo el rey<br \/>Jaume I a tropas mercenarias procedentes de la Gascu\u00f1a francesa que le<br \/>ayudaron en sus campa\u00f1as. Se han encontrado restos arqueol\u00f3gicos que<br \/>sit\u00faan la presencia de un poblado ib\u00e9rico en dicha zona, si bien la<br \/>actual edificaci\u00f3n se sit\u00faa entre los a\u00f1os 1500 &#8211; 1550.<br \/>La mas\u00eda fue<br \/>reconstruida \u00edntegramente por los actuales propietarios finalizando la<br \/>misma en 1990. Emple\u00e1ndose para ello materiales antiguos reciclados con<br \/>el fin de remodelarla lo m\u00e1s fidedigna a la arquitectura rural local,<br \/>respetando asimismo el impacto ecol\u00f3gico. Aunque desde entonces su<br \/>mejora decorativa y funcional no ha cesado.<\/p>\t\t\t\t\t\t\t\t<\/div>\n\t\t\t\t<\/div>\n\t\t\t\t<div class=\"elementor-element elementor-element-0d48061 elementor-widget elementor-widget-spacer\" data-id=\"0d48061\" data-element_type=\"widget\" data-e-type=\"widget\" data-widget_type=\"spacer.default\">\n\t\t\t\t<div class=\"elementor-widget-container\">\n\t\t\t\t\t\t\t<div class=\"elementor-spacer\">\n\t\t\t<div class=\"elementor-spacer-inner\"><\/div>\n\t\t<\/div>\n\t\t\t\t\t\t<\/div>\n\t\t\t\t<\/div>\n\t\t\t\t\t<\/div>\n\t\t<\/div>\n\t\t\t\t<div class=\"elementor-column elementor-col-33 elementor-top-column elementor-element elementor-element-076a1a3\" data-id=\"076a1a3\" data-element_type=\"column\" data-e-type=\"column\">\n\t\t\t<div class=\"elementor-widget-wrap elementor-element-populated\">\n\t\t\t\t\t\t\t<\/div>\n\t\t<\/div>\n\t\t\t\t\t<\/div>\n\t\t<\/section>\n\t\t\t\t<section class=\"elementor-section elementor-top-section elementor-element elementor-element-e9047b1 elementor-section-boxed elementor-section-height-default elementor-section-height-default\" data-id=\"e9047b1\" data-element_type=\"section\" data-e-type=\"section\">\n\t\t\t\t\t\t<div class=\"elementor-container elementor-column-gap-default\">\n\t\t\t\t\t<div class=\"elementor-column elementor-col-100 elementor-top-column elementor-element elementor-element-8304131\" data-id=\"8304131\" data-element_type=\"column\" data-e-type=\"column\">\n\t\t\t<div class=\"elementor-widget-wrap elementor-element-populated\">\n\t\t\t\t\t\t<div class=\"elementor-element elementor-element-0c5705c elementor-widget elementor-widget-image-gallery\" data-id=\"0c5705c\" data-element_type=\"widget\" data-e-type=\"widget\" data-widget_type=\"image-gallery.default\">\n\t\t\t\t<div class=\"elementor-widget-container\">\n\t\t\t\t\t\t\t<div class=\"elementor-image-gallery\">\n\t\t\t\n\t\t<style type=\"text\/css\">\n\t\t\t#gallery-1 {\n\t\t\t\tmargin: auto;\n\t\t\t}\n\t\t\t#gallery-1 .gallery-item {\n\t\t\t\tfloat: left;\n\t\t\t\tmargin-top: 10px;\n\t\t\t\ttext-align: center;\n\t\t\t\twidth: 100%;\n\t\t\t}\n\t\t\t#gallery-1 img {\n\t\t\t\tborder: 2px solid #cfcfcf;\n\t\t\t}\n\t\t\t#gallery-1 .gallery-caption {\n\t\t\t\tmargin-left: 0;\n\t\t\t}\n\t\t\t\/* see gallery_shortcode() in wp-includes\/media.php *\/\n\t\t<\/style>\n\t\t<div id='gallery-1' class='gallery galleryid-5901 gallery-columns-1 gallery-size-medium_large'><dl class='gallery-item'>\n\t\t\t<dt class='gallery-icon landscape'>\n\t\t\t\t<a data-elementor-open-lightbox=\"yes\" data-elementor-lightbox-slideshow=\"0c5705c\" data-elementor-lightbox-title=\"Exterior_aerea3\" data-e-action-hash=\"#elementor-action%3Aaction%3Dlightbox%26settings%3DeyJpZCI6NjQ2MywidXJsIjoiaHR0cHM6XC9cL21hc2lhY2FuZ2FzY29ucy5jb21cL3dwLWNvbnRlbnRcL3VwbG9hZHNcLzIwMThcLzEyXC9FeHRlcmlvcl9hZXJlYTMuanBnIiwic2xpZGVzaG93IjoiMGM1NzA1YyJ9\" href='https:\/\/masiacangascons.com\/wp-content\/uploads\/2018\/12\/Exterior_aerea3.jpg'><img fetchpriority=\"high\" decoding=\"async\" width=\"768\" height=\"466\" src=\"https:\/\/masiacangascons.com\/wp-content\/uploads\/2018\/12\/Exterior_aerea3.jpg\" class=\"attachment-medium_large size-medium_large\" alt=\"\" srcset=\"https:\/\/masiacangascons.com\/wp-content\/uploads\/2018\/12\/Exterior_aerea3.jpg 1374w, https:\/\/masiacangascons.com\/wp-content\/uploads\/2018\/12\/Exterior_aerea3-300x182.jpg 300w, https:\/\/masiacangascons.com\/wp-content\/uploads\/2018\/12\/Exterior_aerea3-1024x622.jpg 1024w\" sizes=\"(max-width: 768px) 100vw, 768px\" \/><\/a>\n\t\t\t<\/dt><\/dl><br style=\"clear: both\" \/>\n\t\t<\/div>\n\t\t<\/div>\n\t\t\t\t\t\t<\/div>\n\t\t\t\t<\/div>\n\t\t\t\t\t<\/div>\n\t\t<\/div>\n\t\t\t\t\t<\/div>\n\t\t<\/section>\n\t\t\t\t<\/div>","protected":false},"excerpt":{"rendered":"<p>La Mas\u00eda El nombre de Can Gascons, se atribuye a la donaci\u00f3n que hizo el reyJaume I a tropas mercenarias procedentes de la Gascu\u00f1a francesa&hellip;<\/p>","protected":false},"author":3,"featured_media":0,"parent":0,"menu_order":0,"comment_status":"closed","ping_status":"open","template":"elementor_header_footer","meta":{"footnotes":""},"class_list":["post-5901","page","type-page","status-publish","hentry"],"_links":{"self":[{"href":"https:\/\/masiacangascons.com\/en\/wp-json\/wp\/v2\/pages\/5901","targetHints":{"allow":["GET"]}}],"collection":[{"href":"https:\/\/masiacangascons.com\/en\/wp-json\/wp\/v2\/pages"}],"about":[{"href":"https:\/\/masiacangascons.com\/en\/wp-json\/wp\/v2\/types\/page"}],"author":[{"embeddable":true,"href":"https:\/\/masiacangascons.com\/en\/wp-json\/wp\/v2\/users\/3"}],"replies":[{"embeddable":true,"href":"https:\/\/masiacangascons.com\/en\/wp-json\/wp\/v2\/comments?post=5901"}],"version-history":[{"count":0,"href":"https:\/\/masiacangascons.com\/en\/wp-json\/wp\/v2\/pages\/5901\/revisions"}],"wp:attachment":[{"href":"https:\/\/masiacangascons.com\/en\/wp-json\/wp\/v2\/media?parent=5901"}],"curies":[{"name":"wp","href":"https:\/\/api.w.org\/{rel}","templated":true}]}}