{"id":6283,"date":"2019-03-29T09:01:47","date_gmt":"2019-03-29T08:01:47","guid":{"rendered":"http:\/\/masiacangascons.com\/?page_id=6283"},"modified":"2020-03-19T12:31:38","modified_gmt":"2020-03-19T11:31:38","slug":"suite-principal","status":"publish","type":"page","link":"https:\/\/masiacangascons.com\/en\/suite-principal\/","title":{"rendered":"Main Suite"},"content":{"rendered":"<div data-elementor-type=\"wp-post\" data-elementor-id=\"6283\" class=\"elementor elementor-6283\" data-elementor-post-type=\"page\">\n\t\t\t\t\t\t<section class=\"elementor-section elementor-top-section elementor-element elementor-element-4aee2e9 elementor-section-boxed elementor-section-height-default elementor-section-height-default\" data-id=\"4aee2e9\" data-element_type=\"section\" data-e-type=\"section\">\n\t\t\t\t\t\t<div class=\"elementor-container elementor-column-gap-default\">\n\t\t\t\t\t<div class=\"elementor-column elementor-col-33 elementor-top-column elementor-element elementor-element-5238baf\" data-id=\"5238baf\" data-element_type=\"column\" data-e-type=\"column\">\n\t\t\t<div class=\"elementor-widget-wrap elementor-element-populated\">\n\t\t\t\t\t\t\t<\/div>\n\t\t<\/div>\n\t\t\t\t<div class=\"elementor-column elementor-col-33 elementor-top-column elementor-element elementor-element-0284aed\" data-id=\"0284aed\" data-element_type=\"column\" data-e-type=\"column\">\n\t\t\t<div class=\"elementor-widget-wrap elementor-element-populated\">\n\t\t\t\t\t\t<div class=\"elementor-element elementor-element-7153009 elementor-widget elementor-widget-text-editor\" data-id=\"7153009\" data-element_type=\"widget\" data-e-type=\"widget\" data-widget_type=\"text-editor.default\">\n\t\t\t\t<div class=\"elementor-widget-container\">\n\t\t\t\t\t\t\t\t\t<p>Orientada a Este-Sur-Oeste, sus 52 m2 hacen de ella una habitaci\u00f3n muy espaciosa. Terraza con vistas al jard\u00edn de la piscina y sus puestas de sol, una amplia sala de ba\u00f1o con una gran ducha, ba\u00f1era y dem\u00e1s extras. Amplio vestidor-despacho anexo a la misma.<\/p>\t\t\t\t\t\t\t\t<\/div>\n\t\t\t\t<\/div>\n\t\t\t\t\t<\/div>\n\t\t<\/div>\n\t\t\t\t<div class=\"elementor-column elementor-col-33 elementor-top-column elementor-element elementor-element-92dc49c\" data-id=\"92dc49c\" data-element_type=\"column\" data-e-type=\"column\">\n\t\t\t<div class=\"elementor-widget-wrap elementor-element-populated\">\n\t\t\t\t\t\t\t<\/div>\n\t\t<\/div>\n\t\t\t\t\t<\/div>\n\t\t<\/section>\n\t\t\t\t<section class=\"elementor-section elementor-top-section elementor-element elementor-element-d2fb96a elementor-section-boxed elementor-section-height-default elementor-section-height-default\" data-id=\"d2fb96a\" data-element_type=\"section\" data-e-type=\"section\">\n\t\t\t\t\t\t<div class=\"elementor-container elementor-column-gap-default\">\n\t\t\t\t\t<div class=\"elementor-column elementor-col-100 elementor-top-column elementor-element elementor-element-8a9a0cf\" data-id=\"8a9a0cf\" data-element_type=\"column\" data-e-type=\"column\">\n\t\t\t<div class=\"elementor-widget-wrap elementor-element-populated\">\n\t\t\t\t\t\t<div class=\"elementor-element elementor-element-be9d52b elementor-widget elementor-widget-image-gallery\" data-id=\"be9d52b\" data-element_type=\"widget\" data-e-type=\"widget\" data-widget_type=\"image-gallery.default\">\n\t\t\t\t<div class=\"elementor-widget-container\">\n\t\t\t\t\t\t\t<div class=\"elementor-image-gallery\">\n\t\t\t\n\t\t<style type=\"text\/css\">\n\t\t\t#gallery-1 {\n\t\t\t\tmargin: auto;\n\t\t\t}\n\t\t\t#gallery-1 .gallery-item {\n\t\t\t\tfloat: left;\n\t\t\t\tmargin-top: 10px;\n\t\t\t\ttext-align: center;\n\t\t\t\twidth: 33%;\n\t\t\t}\n\t\t\t#gallery-1 img {\n\t\t\t\tborder: 2px solid #cfcfcf;\n\t\t\t}\n\t\t\t#gallery-1 .gallery-caption {\n\t\t\t\tmargin-left: 0;\n\t\t\t}\n\t\t\t\/* see gallery_shortcode() in wp-includes\/media.php *\/\n\t\t<\/style>\n\t\t<div id='gallery-1' class='gallery galleryid-6283 gallery-columns-3 gallery-size-medium'><dl class='gallery-item'>\n\t\t\t<dt class='gallery-icon landscape'>\n\t\t\t\t<a data-elementor-open-lightbox=\"yes\" data-elementor-lightbox-slideshow=\"be9d52b\" data-elementor-lightbox-title=\"MASIA CAN GASCONS_BAIXA04\" data-e-action-hash=\"#elementor-action%3Aaction%3Dlightbox%26settings%3DeyJpZCI6NzUxMiwidXJsIjoiaHR0cHM6XC9cL21hc2lhY2FuZ2FzY29ucy5jb21cL3dwLWNvbnRlbnRcL3VwbG9hZHNcLzIwMThcLzEyXC9NQVNJQS1DQU4tR0FTQ09OU19CQUlYQTA0LmpwZyIsInNsaWRlc2hvdyI6ImJlOWQ1MmIifQ%3D%3D\" href='https:\/\/masiacangascons.com\/wp-content\/uploads\/2018\/12\/MASIA-CAN-GASCONS_BAIXA04.jpg'><img fetchpriority=\"high\" decoding=\"async\" width=\"300\" height=\"200\" src=\"https:\/\/masiacangascons.com\/wp-content\/uploads\/2018\/12\/MASIA-CAN-GASCONS_BAIXA04-300x200.jpg\" class=\"attachment-medium size-medium\" alt=\"\" aria-describedby=\"gallery-1-7512\" srcset=\"https:\/\/masiacangascons.com\/wp-content\/uploads\/2018\/12\/MASIA-CAN-GASCONS_BAIXA04-300x200.jpg 300w, https:\/\/masiacangascons.com\/wp-content\/uploads\/2018\/12\/MASIA-CAN-GASCONS_BAIXA04-1024x683.jpg 1024w, https:\/\/masiacangascons.com\/wp-content\/uploads\/2018\/12\/MASIA-CAN-GASCONS_BAIXA04.jpg 1500w\" sizes=\"(max-width: 300px) 100vw, 300px\" \/><\/a>\n\t\t\t<\/dt>\n\t\t\t\t<dd class='wp-caption-text gallery-caption' id='gallery-1-7512'>\n\t\t\t\tMain Suite\n\t\t\t\t<\/dd><\/dl><dl class='gallery-item'>\n\t\t\t<dt class='gallery-icon landscape'>\n\t\t\t\t<a data-elementor-open-lightbox=\"yes\" data-elementor-lightbox-slideshow=\"be9d52b\" data-elementor-lightbox-title=\"MASIA CAN GASCONS_BAIXA01\" data-e-action-hash=\"#elementor-action%3Aaction%3Dlightbox%26settings%3DeyJpZCI6NzUwOSwidXJsIjoiaHR0cHM6XC9cL21hc2lhY2FuZ2FzY29ucy5jb21cL3dwLWNvbnRlbnRcL3VwbG9hZHNcLzIwMThcLzEyXC9NQVNJQS1DQU4tR0FTQ09OU19CQUlYQTAxLmpwZyIsInNsaWRlc2hvdyI6ImJlOWQ1MmIifQ%3D%3D\" href='https:\/\/masiacangascons.com\/wp-content\/uploads\/2018\/12\/MASIA-CAN-GASCONS_BAIXA01.jpg'><img decoding=\"async\" width=\"300\" height=\"200\" src=\"https:\/\/masiacangascons.com\/wp-content\/uploads\/2018\/12\/MASIA-CAN-GASCONS_BAIXA01-300x200.jpg\" class=\"attachment-medium size-medium\" alt=\"\" srcset=\"https:\/\/masiacangascons.com\/wp-content\/uploads\/2018\/12\/MASIA-CAN-GASCONS_BAIXA01-300x200.jpg 300w, https:\/\/masiacangascons.com\/wp-content\/uploads\/2018\/12\/MASIA-CAN-GASCONS_BAIXA01-1024x683.jpg 1024w, https:\/\/masiacangascons.com\/wp-content\/uploads\/2018\/12\/MASIA-CAN-GASCONS_BAIXA01.jpg 1500w\" sizes=\"(max-width: 300px) 100vw, 300px\" \/><\/a>\n\t\t\t<\/dt><\/dl><dl class='gallery-item'>\n\t\t\t<dt class='gallery-icon landscape'>\n\t\t\t\t<a data-elementor-open-lightbox=\"yes\" data-elementor-lightbox-slideshow=\"be9d52b\" data-elementor-lightbox-title=\"MASIA CAN GASCONS_BAIXA02\" data-e-action-hash=\"#elementor-action%3Aaction%3Dlightbox%26settings%3DeyJpZCI6NzUxMCwidXJsIjoiaHR0cHM6XC9cL21hc2lhY2FuZ2FzY29ucy5jb21cL3dwLWNvbnRlbnRcL3VwbG9hZHNcLzIwMThcLzEyXC9NQVNJQS1DQU4tR0FTQ09OU19CQUlYQTAyLmpwZyIsInNsaWRlc2hvdyI6ImJlOWQ1MmIifQ%3D%3D\" href='https:\/\/masiacangascons.com\/wp-content\/uploads\/2018\/12\/MASIA-CAN-GASCONS_BAIXA02.jpg'><img decoding=\"async\" width=\"300\" height=\"200\" src=\"https:\/\/masiacangascons.com\/wp-content\/uploads\/2018\/12\/MASIA-CAN-GASCONS_BAIXA02-300x200.jpg\" class=\"attachment-medium size-medium\" alt=\"\" srcset=\"https:\/\/masiacangascons.com\/wp-content\/uploads\/2018\/12\/MASIA-CAN-GASCONS_BAIXA02-300x200.jpg 300w, https:\/\/masiacangascons.com\/wp-content\/uploads\/2018\/12\/MASIA-CAN-GASCONS_BAIXA02-1024x683.jpg 1024w, https:\/\/masiacangascons.com\/wp-content\/uploads\/2018\/12\/MASIA-CAN-GASCONS_BAIXA02.jpg 1500w\" sizes=\"(max-width: 300px) 100vw, 300px\" \/><\/a>\n\t\t\t<\/dt><\/dl><br style=\"clear: both\" \/><dl class='gallery-item'>\n\t\t\t<dt class='gallery-icon landscape'>\n\t\t\t\t<a data-elementor-open-lightbox=\"yes\" data-elementor-lightbox-slideshow=\"be9d52b\" data-elementor-lightbox-title=\"MASIA CAN GASCONS_BAIXA03\" data-e-action-hash=\"#elementor-action%3Aaction%3Dlightbox%26settings%3DeyJpZCI6NzUxMSwidXJsIjoiaHR0cHM6XC9cL21hc2lhY2FuZ2FzY29ucy5jb21cL3dwLWNvbnRlbnRcL3VwbG9hZHNcLzIwMThcLzEyXC9NQVNJQS1DQU4tR0FTQ09OU19CQUlYQTAzLmpwZyIsInNsaWRlc2hvdyI6ImJlOWQ1MmIifQ%3D%3D\" href='https:\/\/masiacangascons.com\/wp-content\/uploads\/2018\/12\/MASIA-CAN-GASCONS_BAIXA03.jpg'><img loading=\"lazy\" decoding=\"async\" width=\"300\" height=\"200\" src=\"https:\/\/masiacangascons.com\/wp-content\/uploads\/2018\/12\/MASIA-CAN-GASCONS_BAIXA03-300x200.jpg\" class=\"attachment-medium size-medium\" alt=\"\" srcset=\"https:\/\/masiacangascons.com\/wp-content\/uploads\/2018\/12\/MASIA-CAN-GASCONS_BAIXA03-300x200.jpg 300w, https:\/\/masiacangascons.com\/wp-content\/uploads\/2018\/12\/MASIA-CAN-GASCONS_BAIXA03-1024x683.jpg 1024w, https:\/\/masiacangascons.com\/wp-content\/uploads\/2018\/12\/MASIA-CAN-GASCONS_BAIXA03.jpg 1500w\" sizes=\"(max-width: 300px) 100vw, 300px\" \/><\/a>\n\t\t\t<\/dt><\/dl><dl class='gallery-item'>\n\t\t\t<dt class='gallery-icon landscape'>\n\t\t\t\t<a data-elementor-open-lightbox=\"yes\" data-elementor-lightbox-slideshow=\"be9d52b\" data-elementor-lightbox-title=\"MASIA CAN GASCONS_BAIXA05\" data-e-action-hash=\"#elementor-action%3Aaction%3Dlightbox%26settings%3DeyJpZCI6NzUxMywidXJsIjoiaHR0cHM6XC9cL21hc2lhY2FuZ2FzY29ucy5jb21cL3dwLWNvbnRlbnRcL3VwbG9hZHNcLzIwMThcLzEyXC9NQVNJQS1DQU4tR0FTQ09OU19CQUlYQTA1LmpwZyIsInNsaWRlc2hvdyI6ImJlOWQ1MmIifQ%3D%3D\" href='https:\/\/masiacangascons.com\/wp-content\/uploads\/2018\/12\/MASIA-CAN-GASCONS_BAIXA05.jpg'><img loading=\"lazy\" decoding=\"async\" width=\"300\" height=\"200\" src=\"https:\/\/masiacangascons.com\/wp-content\/uploads\/2018\/12\/MASIA-CAN-GASCONS_BAIXA05-300x200.jpg\" class=\"attachment-medium size-medium\" alt=\"\" srcset=\"https:\/\/masiacangascons.com\/wp-content\/uploads\/2018\/12\/MASIA-CAN-GASCONS_BAIXA05-300x200.jpg 300w, https:\/\/masiacangascons.com\/wp-content\/uploads\/2018\/12\/MASIA-CAN-GASCONS_BAIXA05-1024x683.jpg 1024w, https:\/\/masiacangascons.com\/wp-content\/uploads\/2018\/12\/MASIA-CAN-GASCONS_BAIXA05.jpg 1500w\" sizes=\"(max-width: 300px) 100vw, 300px\" \/><\/a>\n\t\t\t<\/dt><\/dl><dl class='gallery-item'>\n\t\t\t<dt class='gallery-icon landscape'>\n\t\t\t\t<a data-elementor-open-lightbox=\"yes\" data-elementor-lightbox-slideshow=\"be9d52b\" data-elementor-lightbox-title=\"MASIA CAN GASCONS_BAIXA06\" data-e-action-hash=\"#elementor-action%3Aaction%3Dlightbox%26settings%3DeyJpZCI6NzUxNCwidXJsIjoiaHR0cHM6XC9cL21hc2lhY2FuZ2FzY29ucy5jb21cL3dwLWNvbnRlbnRcL3VwbG9hZHNcLzIwMThcLzEyXC9NQVNJQS1DQU4tR0FTQ09OU19CQUlYQTA2LmpwZyIsInNsaWRlc2hvdyI6ImJlOWQ1MmIifQ%3D%3D\" href='https:\/\/masiacangascons.com\/wp-content\/uploads\/2018\/12\/MASIA-CAN-GASCONS_BAIXA06.jpg'><img loading=\"lazy\" decoding=\"async\" width=\"300\" height=\"200\" src=\"https:\/\/masiacangascons.com\/wp-content\/uploads\/2018\/12\/MASIA-CAN-GASCONS_BAIXA06-300x200.jpg\" class=\"attachment-medium size-medium\" alt=\"\" srcset=\"https:\/\/masiacangascons.com\/wp-content\/uploads\/2018\/12\/MASIA-CAN-GASCONS_BAIXA06-300x200.jpg 300w, https:\/\/masiacangascons.com\/wp-content\/uploads\/2018\/12\/MASIA-CAN-GASCONS_BAIXA06-1024x683.jpg 1024w, https:\/\/masiacangascons.com\/wp-content\/uploads\/2018\/12\/MASIA-CAN-GASCONS_BAIXA06.jpg 1500w\" sizes=\"(max-width: 300px) 100vw, 300px\" \/><\/a>\n\t\t\t<\/dt><\/dl><br style=\"clear: both\" \/>\n\t\t<\/div>\n\t\t<\/div>\n\t\t\t\t\t\t<\/div>\n\t\t\t\t<\/div>\n\t\t\t\t\t<\/div>\n\t\t<\/div>\n\t\t\t\t\t<\/div>\n\t\t<\/section>\n\t\t\t\t<\/div>","protected":false},"excerpt":{"rendered":"<p>Orientada a Este-Sur-Oeste, sus 52 m2 hacen de ella una habitaci\u00f3n muy espaciosa. Terraza con vistas al jard\u00edn de la piscina y sus puestas de&hellip;<\/p>","protected":false},"author":3,"featured_media":5923,"parent":0,"menu_order":0,"comment_status":"closed","ping_status":"closed","template":"elementor_header_footer","meta":{"footnotes":""},"class_list":["post-6283","page","type-page","status-publish","has-post-thumbnail","hentry"],"_links":{"self":[{"href":"https:\/\/masiacangascons.com\/en\/wp-json\/wp\/v2\/pages\/6283","targetHints":{"allow":["GET"]}}],"collection":[{"href":"https:\/\/masiacangascons.com\/en\/wp-json\/wp\/v2\/pages"}],"about":[{"href":"https:\/\/masiacangascons.com\/en\/wp-json\/wp\/v2\/types\/page"}],"author":[{"embeddable":true,"href":"https:\/\/masiacangascons.com\/en\/wp-json\/wp\/v2\/users\/3"}],"replies":[{"embeddable":true,"href":"https:\/\/masiacangascons.com\/en\/wp-json\/wp\/v2\/comments?post=6283"}],"version-history":[{"count":0,"href":"https:\/\/masiacangascons.com\/en\/wp-json\/wp\/v2\/pages\/6283\/revisions"}],"wp:featuredmedia":[{"embeddable":true,"href":"https:\/\/masiacangascons.com\/en\/wp-json\/wp\/v2\/media\/5923"}],"wp:attachment":[{"href":"https:\/\/masiacangascons.com\/en\/wp-json\/wp\/v2\/media?parent=6283"}],"curies":[{"name":"wp","href":"https:\/\/api.w.org\/{rel}","templated":true}]}}