{"id":6295,"date":"2019-03-29T09:09:29","date_gmt":"2019-03-29T08:09:29","guid":{"rendered":"http:\/\/masiacangascons.com\/?page_id=6295"},"modified":"2020-03-19T12:52:34","modified_gmt":"2020-03-19T11:52:34","slug":"habitacion-laurel","status":"publish","type":"page","link":"https:\/\/masiacangascons.com\/en\/habitacion-laurel\/","title":{"rendered":"Laurel Room"},"content":{"rendered":"<div data-elementor-type=\"wp-post\" data-elementor-id=\"6295\" class=\"elementor elementor-6295\" data-elementor-post-type=\"page\">\n\t\t\t\t\t\t<section class=\"elementor-section elementor-top-section elementor-element elementor-element-aefc760 elementor-section-boxed elementor-section-height-default elementor-section-height-default\" data-id=\"aefc760\" data-element_type=\"section\" data-e-type=\"section\">\n\t\t\t\t\t\t<div class=\"elementor-container elementor-column-gap-default\">\n\t\t\t\t\t<div class=\"elementor-column elementor-col-33 elementor-top-column elementor-element elementor-element-3279deb\" data-id=\"3279deb\" data-element_type=\"column\" data-e-type=\"column\">\n\t\t\t<div class=\"elementor-widget-wrap elementor-element-populated\">\n\t\t\t\t\t\t\t<\/div>\n\t\t<\/div>\n\t\t\t\t<div class=\"elementor-column elementor-col-33 elementor-top-column elementor-element elementor-element-e4b8e02\" data-id=\"e4b8e02\" data-element_type=\"column\" data-e-type=\"column\">\n\t\t\t<div class=\"elementor-widget-wrap elementor-element-populated\">\n\t\t\t\t\t\t<div class=\"elementor-element elementor-element-a889311 elementor-widget elementor-widget-text-editor\" data-id=\"a889311\" data-element_type=\"widget\" data-e-type=\"widget\" data-widget_type=\"text-editor.default\">\n\t\t\t\t<div class=\"elementor-widget-container\">\n\t\t\t\t\t\t\t\t\t<p>Habitaci\u00f3n de 18m2 orientada al Sur.<\/p><p>Consta de dos camas individuales m\u00f3viles, calefacci\u00f3n y ventilador de techo. En su sala de ba\u00f1o encontrar\u00e1n accesorios extras necesarios para hacer su estancia lo m\u00e1s c\u00f3moda posible.<\/p>\t\t\t\t\t\t\t\t<\/div>\n\t\t\t\t<\/div>\n\t\t\t\t\t<\/div>\n\t\t<\/div>\n\t\t\t\t<div class=\"elementor-column elementor-col-33 elementor-top-column elementor-element elementor-element-59b1942\" data-id=\"59b1942\" data-element_type=\"column\" data-e-type=\"column\">\n\t\t\t<div class=\"elementor-widget-wrap elementor-element-populated\">\n\t\t\t\t\t\t\t<\/div>\n\t\t<\/div>\n\t\t\t\t\t<\/div>\n\t\t<\/section>\n\t\t\t\t<section class=\"elementor-section elementor-top-section elementor-element elementor-element-7fb7342 elementor-section-boxed elementor-section-height-default elementor-section-height-default\" data-id=\"7fb7342\" data-element_type=\"section\" data-e-type=\"section\">\n\t\t\t\t\t\t<div class=\"elementor-container elementor-column-gap-default\">\n\t\t\t\t\t<div class=\"elementor-column elementor-col-100 elementor-top-column elementor-element elementor-element-eade4a7\" data-id=\"eade4a7\" data-element_type=\"column\" data-e-type=\"column\">\n\t\t\t<div class=\"elementor-widget-wrap elementor-element-populated\">\n\t\t\t\t\t\t<div class=\"elementor-element elementor-element-17485ef elementor-widget elementor-widget-image-gallery\" data-id=\"17485ef\" data-element_type=\"widget\" data-e-type=\"widget\" data-widget_type=\"image-gallery.default\">\n\t\t\t\t<div class=\"elementor-widget-container\">\n\t\t\t\t\t\t\t<div class=\"elementor-image-gallery\">\n\t\t\t\n\t\t<style type=\"text\/css\">\n\t\t\t#gallery-1 {\n\t\t\t\tmargin: auto;\n\t\t\t}\n\t\t\t#gallery-1 .gallery-item {\n\t\t\t\tfloat: left;\n\t\t\t\tmargin-top: 10px;\n\t\t\t\ttext-align: center;\n\t\t\t\twidth: 25%;\n\t\t\t}\n\t\t\t#gallery-1 img {\n\t\t\t\tborder: 2px solid #cfcfcf;\n\t\t\t}\n\t\t\t#gallery-1 .gallery-caption {\n\t\t\t\tmargin-left: 0;\n\t\t\t}\n\t\t\t\/* see gallery_shortcode() in wp-includes\/media.php *\/\n\t\t<\/style>\n\t\t<div id='gallery-1' class='gallery galleryid-6295 gallery-columns-4 gallery-size-medium'><dl class='gallery-item'>\n\t\t\t<dt class='gallery-icon landscape'>\n\t\t\t\t<a data-elementor-open-lightbox=\"yes\" data-elementor-lightbox-slideshow=\"17485ef\" data-elementor-lightbox-title=\"MASIA CAN GASCONS_BAIXA32\" data-e-action-hash=\"#elementor-action%3Aaction%3Dlightbox%26settings%3DeyJpZCI6NzUxOSwidXJsIjoiaHR0cHM6XC9cL21hc2lhY2FuZ2FzY29ucy5jb21cL3dwLWNvbnRlbnRcL3VwbG9hZHNcLzIwMThcLzEyXC9NQVNJQS1DQU4tR0FTQ09OU19CQUlYQTMyLmpwZyIsInNsaWRlc2hvdyI6IjE3NDg1ZWYifQ%3D%3D\" href='https:\/\/masiacangascons.com\/wp-content\/uploads\/2018\/12\/MASIA-CAN-GASCONS_BAIXA32.jpg'><img fetchpriority=\"high\" decoding=\"async\" width=\"300\" height=\"200\" src=\"https:\/\/masiacangascons.com\/wp-content\/uploads\/2018\/12\/MASIA-CAN-GASCONS_BAIXA32-300x200.jpg\" class=\"attachment-medium size-medium\" alt=\"\" srcset=\"https:\/\/masiacangascons.com\/wp-content\/uploads\/2018\/12\/MASIA-CAN-GASCONS_BAIXA32-300x200.jpg 300w, https:\/\/masiacangascons.com\/wp-content\/uploads\/2018\/12\/MASIA-CAN-GASCONS_BAIXA32-1024x683.jpg 1024w, https:\/\/masiacangascons.com\/wp-content\/uploads\/2018\/12\/MASIA-CAN-GASCONS_BAIXA32.jpg 1500w\" sizes=\"(max-width: 300px) 100vw, 300px\" \/><\/a>\n\t\t\t<\/dt><\/dl><dl class='gallery-item'>\n\t\t\t<dt class='gallery-icon landscape'>\n\t\t\t\t<a data-elementor-open-lightbox=\"yes\" data-elementor-lightbox-slideshow=\"17485ef\" data-elementor-lightbox-title=\"MASIA CAN GASCONS_BAIXA33\" data-e-action-hash=\"#elementor-action%3Aaction%3Dlightbox%26settings%3DeyJpZCI6NzUyMCwidXJsIjoiaHR0cHM6XC9cL21hc2lhY2FuZ2FzY29ucy5jb21cL3dwLWNvbnRlbnRcL3VwbG9hZHNcLzIwMThcLzEyXC9NQVNJQS1DQU4tR0FTQ09OU19CQUlYQTMzLmpwZyIsInNsaWRlc2hvdyI6IjE3NDg1ZWYifQ%3D%3D\" href='https:\/\/masiacangascons.com\/wp-content\/uploads\/2018\/12\/MASIA-CAN-GASCONS_BAIXA33.jpg'><img decoding=\"async\" width=\"300\" height=\"198\" src=\"https:\/\/masiacangascons.com\/wp-content\/uploads\/2018\/12\/MASIA-CAN-GASCONS_BAIXA33-300x198.jpg\" class=\"attachment-medium size-medium\" alt=\"\" aria-describedby=\"gallery-1-7520\" srcset=\"https:\/\/masiacangascons.com\/wp-content\/uploads\/2018\/12\/MASIA-CAN-GASCONS_BAIXA33-300x198.jpg 300w, https:\/\/masiacangascons.com\/wp-content\/uploads\/2018\/12\/MASIA-CAN-GASCONS_BAIXA33-1024x676.jpg 1024w, https:\/\/masiacangascons.com\/wp-content\/uploads\/2018\/12\/MASIA-CAN-GASCONS_BAIXA33.jpg 1500w\" sizes=\"(max-width: 300px) 100vw, 300px\" \/><\/a>\n\t\t\t<\/dt>\n\t\t\t\t<dd class='wp-caption-text gallery-caption' id='gallery-1-7520'>\n\t\t\t\tLaurel Room\n\t\t\t\t<\/dd><\/dl><dl class='gallery-item'>\n\t\t\t<dt class='gallery-icon landscape'>\n\t\t\t\t<a data-elementor-open-lightbox=\"yes\" data-elementor-lightbox-slideshow=\"17485ef\" data-elementor-lightbox-title=\"MASIA CAN GASCONS_BAIXA34\" data-e-action-hash=\"#elementor-action%3Aaction%3Dlightbox%26settings%3DeyJpZCI6NzUyMSwidXJsIjoiaHR0cHM6XC9cL21hc2lhY2FuZ2FzY29ucy5jb21cL3dwLWNvbnRlbnRcL3VwbG9hZHNcLzIwMThcLzEyXC9NQVNJQS1DQU4tR0FTQ09OU19CQUlYQTM0LmpwZyIsInNsaWRlc2hvdyI6IjE3NDg1ZWYifQ%3D%3D\" href='https:\/\/masiacangascons.com\/wp-content\/uploads\/2018\/12\/MASIA-CAN-GASCONS_BAIXA34.jpg'><img decoding=\"async\" width=\"300\" height=\"200\" src=\"https:\/\/masiacangascons.com\/wp-content\/uploads\/2018\/12\/MASIA-CAN-GASCONS_BAIXA34-300x200.jpg\" class=\"attachment-medium size-medium\" alt=\"\" srcset=\"https:\/\/masiacangascons.com\/wp-content\/uploads\/2018\/12\/MASIA-CAN-GASCONS_BAIXA34-300x200.jpg 300w, https:\/\/masiacangascons.com\/wp-content\/uploads\/2018\/12\/MASIA-CAN-GASCONS_BAIXA34-1024x683.jpg 1024w, https:\/\/masiacangascons.com\/wp-content\/uploads\/2018\/12\/MASIA-CAN-GASCONS_BAIXA34.jpg 1500w\" sizes=\"(max-width: 300px) 100vw, 300px\" \/><\/a>\n\t\t\t<\/dt><\/dl><dl class='gallery-item'>\n\t\t\t<dt class='gallery-icon landscape'>\n\t\t\t\t<a data-elementor-open-lightbox=\"yes\" data-elementor-lightbox-slideshow=\"17485ef\" data-elementor-lightbox-title=\"MASIA CAN GASCONS_BAIXA35\" data-e-action-hash=\"#elementor-action%3Aaction%3Dlightbox%26settings%3DeyJpZCI6NzUyMiwidXJsIjoiaHR0cHM6XC9cL21hc2lhY2FuZ2FzY29ucy5jb21cL3dwLWNvbnRlbnRcL3VwbG9hZHNcLzIwMThcLzEyXC9NQVNJQS1DQU4tR0FTQ09OU19CQUlYQTM1LmpwZyIsInNsaWRlc2hvdyI6IjE3NDg1ZWYifQ%3D%3D\" href='https:\/\/masiacangascons.com\/wp-content\/uploads\/2018\/12\/MASIA-CAN-GASCONS_BAIXA35.jpg'><img loading=\"lazy\" decoding=\"async\" width=\"300\" height=\"200\" src=\"https:\/\/masiacangascons.com\/wp-content\/uploads\/2018\/12\/MASIA-CAN-GASCONS_BAIXA35-300x200.jpg\" class=\"attachment-medium size-medium\" alt=\"\" srcset=\"https:\/\/masiacangascons.com\/wp-content\/uploads\/2018\/12\/MASIA-CAN-GASCONS_BAIXA35-300x200.jpg 300w, https:\/\/masiacangascons.com\/wp-content\/uploads\/2018\/12\/MASIA-CAN-GASCONS_BAIXA35-1024x683.jpg 1024w, https:\/\/masiacangascons.com\/wp-content\/uploads\/2018\/12\/MASIA-CAN-GASCONS_BAIXA35.jpg 1500w\" sizes=\"(max-width: 300px) 100vw, 300px\" \/><\/a>\n\t\t\t<\/dt><\/dl><br style=\"clear: both\" \/>\n\t\t<\/div>\n\t\t<\/div>\n\t\t\t\t\t\t<\/div>\n\t\t\t\t<\/div>\n\t\t\t\t\t<\/div>\n\t\t<\/div>\n\t\t\t\t\t<\/div>\n\t\t<\/section>\n\t\t\t\t<\/div>","protected":false},"excerpt":{"rendered":"<p>Habitaci\u00f3n de 18m2 orientada al Sur. Consta de dos camas individuales m\u00f3viles, calefacci\u00f3n y ventilador de techo. En su sala de ba\u00f1o encontrar\u00e1n accesorios extras&hellip;<\/p>","protected":false},"author":3,"featured_media":5928,"parent":0,"menu_order":0,"comment_status":"closed","ping_status":"closed","template":"","meta":{"footnotes":""},"class_list":["post-6295","page","type-page","status-publish","has-post-thumbnail","hentry"],"_links":{"self":[{"href":"https:\/\/masiacangascons.com\/en\/wp-json\/wp\/v2\/pages\/6295","targetHints":{"allow":["GET"]}}],"collection":[{"href":"https:\/\/masiacangascons.com\/en\/wp-json\/wp\/v2\/pages"}],"about":[{"href":"https:\/\/masiacangascons.com\/en\/wp-json\/wp\/v2\/types\/page"}],"author":[{"embeddable":true,"href":"https:\/\/masiacangascons.com\/en\/wp-json\/wp\/v2\/users\/3"}],"replies":[{"embeddable":true,"href":"https:\/\/masiacangascons.com\/en\/wp-json\/wp\/v2\/comments?post=6295"}],"version-history":[{"count":0,"href":"https:\/\/masiacangascons.com\/en\/wp-json\/wp\/v2\/pages\/6295\/revisions"}],"wp:featuredmedia":[{"embeddable":true,"href":"https:\/\/masiacangascons.com\/en\/wp-json\/wp\/v2\/media\/5928"}],"wp:attachment":[{"href":"https:\/\/masiacangascons.com\/en\/wp-json\/wp\/v2\/media?parent=6295"}],"curies":[{"name":"wp","href":"https:\/\/api.w.org\/{rel}","templated":true}]}}