{"id":6309,"date":"2019-03-29T09:17:48","date_gmt":"2019-03-29T08:17:48","guid":{"rendered":"http:\/\/masiacangascons.com\/?page_id=6309"},"modified":"2020-03-17T19:17:57","modified_gmt":"2020-03-17T18:17:57","slug":"habitacion-rosa","status":"publish","type":"page","link":"https:\/\/masiacangascons.com\/en\/habitacion-rosa\/","title":{"rendered":"Rosa Room"},"content":{"rendered":"<div data-elementor-type=\"wp-post\" data-elementor-id=\"6309\" class=\"elementor elementor-6309\" data-elementor-post-type=\"page\">\n\t\t\t\t\t\t<section class=\"elementor-section elementor-top-section elementor-element elementor-element-00854a2 elementor-section-boxed elementor-section-height-default elementor-section-height-default\" data-id=\"00854a2\" data-element_type=\"section\" data-e-type=\"section\">\n\t\t\t\t\t\t<div class=\"elementor-container elementor-column-gap-default\">\n\t\t\t\t\t<div class=\"elementor-column elementor-col-33 elementor-top-column elementor-element elementor-element-55353cc\" data-id=\"55353cc\" data-element_type=\"column\" data-e-type=\"column\">\n\t\t\t<div class=\"elementor-widget-wrap elementor-element-populated\">\n\t\t\t\t\t\t\t<\/div>\n\t\t<\/div>\n\t\t\t\t<div class=\"elementor-column elementor-col-33 elementor-top-column elementor-element elementor-element-09858aa\" data-id=\"09858aa\" data-element_type=\"column\" data-e-type=\"column\">\n\t\t\t<div class=\"elementor-widget-wrap elementor-element-populated\">\n\t\t\t\t\t\t<div class=\"elementor-element elementor-element-073e5c0 elementor-widget elementor-widget-text-editor\" data-id=\"073e5c0\" data-element_type=\"widget\" data-e-type=\"widget\" data-widget_type=\"text-editor.default\">\n\t\t\t\t<div class=\"elementor-widget-container\">\n\t\t\t\t\t\t\t\t\t<p>Habitaci\u00f3n de 17m2 orientada al Sur.<\/p><p>Consta de dos camas individuales no m\u00f3viles, calefacci\u00f3n y ventilador de techo. En su sala de ba\u00f1o encontrar\u00e1n accesorios extras necesarios para hacer su estancia lo m\u00e1s c\u00f3moda posible.<\/p>\t\t\t\t\t\t\t\t<\/div>\n\t\t\t\t<\/div>\n\t\t\t\t\t<\/div>\n\t\t<\/div>\n\t\t\t\t<div class=\"elementor-column elementor-col-33 elementor-top-column elementor-element elementor-element-7822aae\" data-id=\"7822aae\" data-element_type=\"column\" data-e-type=\"column\">\n\t\t\t<div class=\"elementor-widget-wrap elementor-element-populated\">\n\t\t\t\t\t\t\t<\/div>\n\t\t<\/div>\n\t\t\t\t\t<\/div>\n\t\t<\/section>\n\t\t\t\t<section class=\"elementor-section elementor-top-section elementor-element elementor-element-225f40a elementor-section-boxed elementor-section-height-default elementor-section-height-default\" data-id=\"225f40a\" data-element_type=\"section\" data-e-type=\"section\">\n\t\t\t\t\t\t<div class=\"elementor-container elementor-column-gap-default\">\n\t\t\t\t\t<div class=\"elementor-column elementor-col-100 elementor-top-column elementor-element elementor-element-888aab0\" data-id=\"888aab0\" data-element_type=\"column\" data-e-type=\"column\">\n\t\t\t<div class=\"elementor-widget-wrap elementor-element-populated\">\n\t\t\t\t\t\t<div class=\"elementor-element elementor-element-9bef892 elementor-widget elementor-widget-image-gallery\" data-id=\"9bef892\" data-element_type=\"widget\" data-e-type=\"widget\" data-widget_type=\"image-gallery.default\">\n\t\t\t\t<div class=\"elementor-widget-container\">\n\t\t\t\t\t\t\t<div class=\"elementor-image-gallery\">\n\t\t\t\n\t\t<style type=\"text\/css\">\n\t\t\t#gallery-1 {\n\t\t\t\tmargin: auto;\n\t\t\t}\n\t\t\t#gallery-1 .gallery-item {\n\t\t\t\tfloat: left;\n\t\t\t\tmargin-top: 10px;\n\t\t\t\ttext-align: center;\n\t\t\t\twidth: 33%;\n\t\t\t}\n\t\t\t#gallery-1 img {\n\t\t\t\tborder: 2px solid #cfcfcf;\n\t\t\t}\n\t\t\t#gallery-1 .gallery-caption {\n\t\t\t\tmargin-left: 0;\n\t\t\t}\n\t\t\t\/* see gallery_shortcode() in wp-includes\/media.php *\/\n\t\t<\/style>\n\t\t<div id='gallery-1' class='gallery galleryid-6309 gallery-columns-3 gallery-size-medium'><dl class='gallery-item'>\n\t\t\t<dt class='gallery-icon landscape'>\n\t\t\t\t<a data-elementor-open-lightbox=\"yes\" data-elementor-lightbox-slideshow=\"9bef892\" data-elementor-lightbox-title=\"MASIA CAN GASCONS_BAIXA23\" data-e-action-hash=\"#elementor-action%3Aaction%3Dlightbox%26settings%3DeyJpZCI6NzUzMiwidXJsIjoiaHR0cHM6XC9cL21hc2lhY2FuZ2FzY29ucy5jb21cL3dwLWNvbnRlbnRcL3VwbG9hZHNcLzIwMThcLzEyXC9NQVNJQS1DQU4tR0FTQ09OU19CQUlYQTIzLmpwZyIsInNsaWRlc2hvdyI6IjliZWY4OTIifQ%3D%3D\" href='https:\/\/masiacangascons.com\/wp-content\/uploads\/2018\/12\/MASIA-CAN-GASCONS_BAIXA23.jpg'><img fetchpriority=\"high\" decoding=\"async\" width=\"300\" height=\"200\" src=\"https:\/\/masiacangascons.com\/wp-content\/uploads\/2018\/12\/MASIA-CAN-GASCONS_BAIXA23-300x200.jpg\" class=\"attachment-medium size-medium\" alt=\"\" aria-describedby=\"gallery-1-7532\" srcset=\"https:\/\/masiacangascons.com\/wp-content\/uploads\/2018\/12\/MASIA-CAN-GASCONS_BAIXA23-300x200.jpg 300w, https:\/\/masiacangascons.com\/wp-content\/uploads\/2018\/12\/MASIA-CAN-GASCONS_BAIXA23-1024x683.jpg 1024w, https:\/\/masiacangascons.com\/wp-content\/uploads\/2018\/12\/MASIA-CAN-GASCONS_BAIXA23.jpg 1500w\" sizes=\"(max-width: 300px) 100vw, 300px\" \/><\/a>\n\t\t\t<\/dt>\n\t\t\t\t<dd class='wp-caption-text gallery-caption' id='gallery-1-7532'>\n\t\t\t\tRosa Room\n\t\t\t\t<\/dd><\/dl><dl class='gallery-item'>\n\t\t\t<dt class='gallery-icon landscape'>\n\t\t\t\t<a data-elementor-open-lightbox=\"yes\" data-elementor-lightbox-slideshow=\"9bef892\" data-elementor-lightbox-title=\"MASIA CAN GASCONS_BAIXA24\" data-e-action-hash=\"#elementor-action%3Aaction%3Dlightbox%26settings%3DeyJpZCI6NzUzMywidXJsIjoiaHR0cHM6XC9cL21hc2lhY2FuZ2FzY29ucy5jb21cL3dwLWNvbnRlbnRcL3VwbG9hZHNcLzIwMThcLzEyXC9NQVNJQS1DQU4tR0FTQ09OU19CQUlYQTI0LmpwZyIsInNsaWRlc2hvdyI6IjliZWY4OTIifQ%3D%3D\" href='https:\/\/masiacangascons.com\/wp-content\/uploads\/2018\/12\/MASIA-CAN-GASCONS_BAIXA24.jpg'><img decoding=\"async\" width=\"300\" height=\"200\" src=\"https:\/\/masiacangascons.com\/wp-content\/uploads\/2018\/12\/MASIA-CAN-GASCONS_BAIXA24-300x200.jpg\" class=\"attachment-medium size-medium\" alt=\"\" srcset=\"https:\/\/masiacangascons.com\/wp-content\/uploads\/2018\/12\/MASIA-CAN-GASCONS_BAIXA24-300x200.jpg 300w, https:\/\/masiacangascons.com\/wp-content\/uploads\/2018\/12\/MASIA-CAN-GASCONS_BAIXA24-1024x683.jpg 1024w, https:\/\/masiacangascons.com\/wp-content\/uploads\/2018\/12\/MASIA-CAN-GASCONS_BAIXA24.jpg 1500w\" sizes=\"(max-width: 300px) 100vw, 300px\" \/><\/a>\n\t\t\t<\/dt><\/dl><dl class='gallery-item'>\n\t\t\t<dt class='gallery-icon landscape'>\n\t\t\t\t<a data-elementor-open-lightbox=\"yes\" data-elementor-lightbox-slideshow=\"9bef892\" data-elementor-lightbox-title=\"MASIA CAN GASCONS_BAIXA25\" data-e-action-hash=\"#elementor-action%3Aaction%3Dlightbox%26settings%3DeyJpZCI6NzUzNCwidXJsIjoiaHR0cHM6XC9cL21hc2lhY2FuZ2FzY29ucy5jb21cL3dwLWNvbnRlbnRcL3VwbG9hZHNcLzIwMThcLzEyXC9NQVNJQS1DQU4tR0FTQ09OU19CQUlYQTI1LmpwZyIsInNsaWRlc2hvdyI6IjliZWY4OTIifQ%3D%3D\" href='https:\/\/masiacangascons.com\/wp-content\/uploads\/2018\/12\/MASIA-CAN-GASCONS_BAIXA25.jpg'><img decoding=\"async\" width=\"300\" height=\"200\" src=\"https:\/\/masiacangascons.com\/wp-content\/uploads\/2018\/12\/MASIA-CAN-GASCONS_BAIXA25-300x200.jpg\" class=\"attachment-medium size-medium\" alt=\"\" srcset=\"https:\/\/masiacangascons.com\/wp-content\/uploads\/2018\/12\/MASIA-CAN-GASCONS_BAIXA25-300x200.jpg 300w, https:\/\/masiacangascons.com\/wp-content\/uploads\/2018\/12\/MASIA-CAN-GASCONS_BAIXA25-1024x683.jpg 1024w, https:\/\/masiacangascons.com\/wp-content\/uploads\/2018\/12\/MASIA-CAN-GASCONS_BAIXA25.jpg 1500w\" sizes=\"(max-width: 300px) 100vw, 300px\" \/><\/a>\n\t\t\t<\/dt><\/dl><br style=\"clear: both\" \/>\n\t\t<\/div>\n\t\t<\/div>\n\t\t\t\t\t\t<\/div>\n\t\t\t\t<\/div>\n\t\t\t\t\t<\/div>\n\t\t<\/div>\n\t\t\t\t\t<\/div>\n\t\t<\/section>\n\t\t\t\t<\/div>","protected":false},"excerpt":{"rendered":"<p>Habitaci\u00f3n de 17m2 orientada al Sur. Consta de dos camas individuales no m\u00f3viles, calefacci\u00f3n y ventilador de techo. En su sala de ba\u00f1o encontrar\u00e1n accesorios&hellip;<\/p>","protected":false},"author":3,"featured_media":5918,"parent":0,"menu_order":0,"comment_status":"closed","ping_status":"closed","template":"","meta":{"footnotes":""},"class_list":["post-6309","page","type-page","status-publish","has-post-thumbnail","hentry"],"_links":{"self":[{"href":"https:\/\/masiacangascons.com\/en\/wp-json\/wp\/v2\/pages\/6309","targetHints":{"allow":["GET"]}}],"collection":[{"href":"https:\/\/masiacangascons.com\/en\/wp-json\/wp\/v2\/pages"}],"about":[{"href":"https:\/\/masiacangascons.com\/en\/wp-json\/wp\/v2\/types\/page"}],"author":[{"embeddable":true,"href":"https:\/\/masiacangascons.com\/en\/wp-json\/wp\/v2\/users\/3"}],"replies":[{"embeddable":true,"href":"https:\/\/masiacangascons.com\/en\/wp-json\/wp\/v2\/comments?post=6309"}],"version-history":[{"count":0,"href":"https:\/\/masiacangascons.com\/en\/wp-json\/wp\/v2\/pages\/6309\/revisions"}],"wp:featuredmedia":[{"embeddable":true,"href":"https:\/\/masiacangascons.com\/en\/wp-json\/wp\/v2\/media\/5918"}],"wp:attachment":[{"href":"https:\/\/masiacangascons.com\/en\/wp-json\/wp\/v2\/media?parent=6309"}],"curies":[{"name":"wp","href":"https:\/\/api.w.org\/{rel}","templated":true}]}}