{"id":6315,"date":"2019-03-29T09:20:15","date_gmt":"2019-03-29T08:20:15","guid":{"rendered":"http:\/\/masiacangascons.com\/?page_id=6315"},"modified":"2020-03-19T12:53:23","modified_gmt":"2020-03-19T11:53:23","slug":"habitacion-lavanda","status":"publish","type":"page","link":"https:\/\/masiacangascons.com\/en\/habitacion-lavanda\/","title":{"rendered":"Lavanda Room"},"content":{"rendered":"<div data-elementor-type=\"wp-post\" data-elementor-id=\"6315\" class=\"elementor elementor-6315\" data-elementor-post-type=\"page\">\n\t\t\t\t\t\t<section class=\"elementor-section elementor-top-section elementor-element elementor-element-58cc201 elementor-section-boxed elementor-section-height-default elementor-section-height-default\" data-id=\"58cc201\" data-element_type=\"section\" data-e-type=\"section\">\n\t\t\t\t\t\t<div class=\"elementor-container elementor-column-gap-default\">\n\t\t\t\t\t<div class=\"elementor-column elementor-col-33 elementor-top-column elementor-element elementor-element-ddef3d7\" data-id=\"ddef3d7\" data-element_type=\"column\" data-e-type=\"column\">\n\t\t\t<div class=\"elementor-widget-wrap elementor-element-populated\">\n\t\t\t\t\t\t\t<\/div>\n\t\t<\/div>\n\t\t\t\t<div class=\"elementor-column elementor-col-33 elementor-top-column elementor-element elementor-element-902c8cd\" data-id=\"902c8cd\" data-element_type=\"column\" data-e-type=\"column\">\n\t\t\t<div class=\"elementor-widget-wrap elementor-element-populated\">\n\t\t\t\t\t\t<div class=\"elementor-element elementor-element-a2cb422 elementor-widget elementor-widget-text-editor\" data-id=\"a2cb422\" data-element_type=\"widget\" data-e-type=\"widget\" data-widget_type=\"text-editor.default\">\n\t\t\t\t<div class=\"elementor-widget-container\">\n\t\t\t\t\t\t\t\t\t<p>Habitaci\u00f3n de 18m2 orientada al Sur.<\/p><p>Consta de dos camas individuales m\u00f3viles, calefacci\u00f3n y ventilador de techo. En su sala de ba\u00f1o encontrar\u00e1n accesorios extras necesarios para hacer su estancia lo m\u00e1s c\u00f3moda posible.<\/p>\t\t\t\t\t\t\t\t<\/div>\n\t\t\t\t<\/div>\n\t\t\t\t\t<\/div>\n\t\t<\/div>\n\t\t\t\t<div class=\"elementor-column elementor-col-33 elementor-top-column elementor-element elementor-element-aa130f3\" data-id=\"aa130f3\" data-element_type=\"column\" data-e-type=\"column\">\n\t\t\t<div class=\"elementor-widget-wrap elementor-element-populated\">\n\t\t\t\t\t\t\t<\/div>\n\t\t<\/div>\n\t\t\t\t\t<\/div>\n\t\t<\/section>\n\t\t\t\t<section class=\"elementor-section elementor-top-section elementor-element elementor-element-7ece137 elementor-section-boxed elementor-section-height-default elementor-section-height-default\" data-id=\"7ece137\" data-element_type=\"section\" data-e-type=\"section\">\n\t\t\t\t\t\t<div class=\"elementor-container elementor-column-gap-default\">\n\t\t\t\t\t<div class=\"elementor-column elementor-col-100 elementor-top-column elementor-element elementor-element-8ec7545\" data-id=\"8ec7545\" data-element_type=\"column\" data-e-type=\"column\">\n\t\t\t<div class=\"elementor-widget-wrap elementor-element-populated\">\n\t\t\t\t\t\t<div class=\"elementor-element elementor-element-9b34cc6 elementor-widget elementor-widget-image-gallery\" data-id=\"9b34cc6\" data-element_type=\"widget\" data-e-type=\"widget\" data-widget_type=\"image-gallery.default\">\n\t\t\t\t<div class=\"elementor-widget-container\">\n\t\t\t\t\t\t\t<div class=\"elementor-image-gallery\">\n\t\t\t\n\t\t<style type=\"text\/css\">\n\t\t\t#gallery-1 {\n\t\t\t\tmargin: auto;\n\t\t\t}\n\t\t\t#gallery-1 .gallery-item {\n\t\t\t\tfloat: left;\n\t\t\t\tmargin-top: 10px;\n\t\t\t\ttext-align: center;\n\t\t\t\twidth: 25%;\n\t\t\t}\n\t\t\t#gallery-1 img {\n\t\t\t\tborder: 2px solid #cfcfcf;\n\t\t\t}\n\t\t\t#gallery-1 .gallery-caption {\n\t\t\t\tmargin-left: 0;\n\t\t\t}\n\t\t\t\/* see gallery_shortcode() in wp-includes\/media.php *\/\n\t\t<\/style>\n\t\t<div id='gallery-1' class='gallery galleryid-6315 gallery-columns-4 gallery-size-medium'><dl class='gallery-item'>\n\t\t\t<dt class='gallery-icon landscape'>\n\t\t\t\t<a data-elementor-open-lightbox=\"yes\" data-elementor-lightbox-slideshow=\"9b34cc6\" data-elementor-lightbox-title=\"Habitaci\u00f3n Lavanda\" data-e-action-hash=\"#elementor-action%3Aaction%3Dlightbox%26settings%3DeyJpZCI6NTg4MiwidXJsIjoiaHR0cHM6XC9cL21hc2lhY2FuZ2FzY29ucy5jb21cL3dwLWNvbnRlbnRcL3VwbG9hZHNcLzIwMTlcLzAzXC9IYWJpdGFjaW9uX2dyaXNfMDFSRVQuanBnIiwic2xpZGVzaG93IjoiOWIzNGNjNiJ9\" href='https:\/\/masiacangascons.com\/wp-content\/uploads\/2019\/03\/Habitacion_gris_01RET.jpg'><img fetchpriority=\"high\" decoding=\"async\" width=\"300\" height=\"185\" src=\"https:\/\/masiacangascons.com\/wp-content\/uploads\/2019\/03\/Habitacion_gris_01RET-300x185.jpg\" class=\"attachment-medium size-medium\" alt=\"\" aria-describedby=\"gallery-1-5882\" srcset=\"https:\/\/masiacangascons.com\/wp-content\/uploads\/2019\/03\/Habitacion_gris_01RET-300x185.jpg 300w, https:\/\/masiacangascons.com\/wp-content\/uploads\/2019\/03\/Habitacion_gris_01RET.jpg 1000w\" sizes=\"(max-width: 300px) 100vw, 300px\" \/><\/a>\n\t\t\t<\/dt>\n\t\t\t\t<dd class='wp-caption-text gallery-caption' id='gallery-1-5882'>\n\t\t\t\tHabitaci\u00f3n LAVANDA\n\t\t\t\t<\/dd><\/dl><dl class='gallery-item'>\n\t\t\t<dt class='gallery-icon landscape'>\n\t\t\t\t<a data-elementor-open-lightbox=\"yes\" data-elementor-lightbox-slideshow=\"9b34cc6\" data-elementor-lightbox-title=\"Habitacion_gris_03RET\" data-e-action-hash=\"#elementor-action%3Aaction%3Dlightbox%26settings%3DeyJpZCI6NTg4NCwidXJsIjoiaHR0cHM6XC9cL21hc2lhY2FuZ2FzY29ucy5jb21cL3dwLWNvbnRlbnRcL3VwbG9hZHNcLzIwMTlcLzAzXC9IYWJpdGFjaW9uX2dyaXNfMDNSRVQuanBnIiwic2xpZGVzaG93IjoiOWIzNGNjNiJ9\" href='https:\/\/masiacangascons.com\/wp-content\/uploads\/2019\/03\/Habitacion_gris_03RET.jpg'><img decoding=\"async\" width=\"300\" height=\"185\" src=\"https:\/\/masiacangascons.com\/wp-content\/uploads\/2019\/03\/Habitacion_gris_03RET-300x185.jpg\" class=\"attachment-medium size-medium\" alt=\"\" srcset=\"https:\/\/masiacangascons.com\/wp-content\/uploads\/2019\/03\/Habitacion_gris_03RET-300x185.jpg 300w, https:\/\/masiacangascons.com\/wp-content\/uploads\/2019\/03\/Habitacion_gris_03RET.jpg 1000w\" sizes=\"(max-width: 300px) 100vw, 300px\" \/><\/a>\n\t\t\t<\/dt><\/dl><dl class='gallery-item'>\n\t\t\t<dt class='gallery-icon landscape'>\n\t\t\t\t<a data-elementor-open-lightbox=\"yes\" data-elementor-lightbox-slideshow=\"9b34cc6\" data-elementor-lightbox-title=\"Habitacion_gris_02RET\" data-e-action-hash=\"#elementor-action%3Aaction%3Dlightbox%26settings%3DeyJpZCI6NTg4MywidXJsIjoiaHR0cHM6XC9cL21hc2lhY2FuZ2FzY29ucy5jb21cL3dwLWNvbnRlbnRcL3VwbG9hZHNcLzIwMTlcLzAzXC9IYWJpdGFjaW9uX2dyaXNfMDJSRVQuanBnIiwic2xpZGVzaG93IjoiOWIzNGNjNiJ9\" href='https:\/\/masiacangascons.com\/wp-content\/uploads\/2019\/03\/Habitacion_gris_02RET.jpg'><img decoding=\"async\" width=\"300\" height=\"185\" src=\"https:\/\/masiacangascons.com\/wp-content\/uploads\/2019\/03\/Habitacion_gris_02RET-300x185.jpg\" class=\"attachment-medium size-medium\" alt=\"\" srcset=\"https:\/\/masiacangascons.com\/wp-content\/uploads\/2019\/03\/Habitacion_gris_02RET-300x185.jpg 300w, https:\/\/masiacangascons.com\/wp-content\/uploads\/2019\/03\/Habitacion_gris_02RET.jpg 1000w\" sizes=\"(max-width: 300px) 100vw, 300px\" \/><\/a>\n\t\t\t<\/dt><\/dl><dl class='gallery-item'>\n\t\t\t<dt class='gallery-icon landscape'>\n\t\t\t\t<a data-elementor-open-lightbox=\"yes\" data-elementor-lightbox-slideshow=\"9b34cc6\" data-elementor-lightbox-title=\"Habitacion_gris_04RET\" data-e-action-hash=\"#elementor-action%3Aaction%3Dlightbox%26settings%3DeyJpZCI6NTg4NSwidXJsIjoiaHR0cHM6XC9cL21hc2lhY2FuZ2FzY29ucy5jb21cL3dwLWNvbnRlbnRcL3VwbG9hZHNcLzIwMTlcLzAzXC9IYWJpdGFjaW9uX2dyaXNfMDRSRVQuanBnIiwic2xpZGVzaG93IjoiOWIzNGNjNiJ9\" href='https:\/\/masiacangascons.com\/wp-content\/uploads\/2019\/03\/Habitacion_gris_04RET.jpg'><img loading=\"lazy\" decoding=\"async\" width=\"300\" height=\"185\" src=\"https:\/\/masiacangascons.com\/wp-content\/uploads\/2019\/03\/Habitacion_gris_04RET-300x185.jpg\" class=\"attachment-medium size-medium\" alt=\"\" srcset=\"https:\/\/masiacangascons.com\/wp-content\/uploads\/2019\/03\/Habitacion_gris_04RET-300x185.jpg 300w, https:\/\/masiacangascons.com\/wp-content\/uploads\/2019\/03\/Habitacion_gris_04RET.jpg 1000w\" sizes=\"(max-width: 300px) 100vw, 300px\" \/><\/a>\n\t\t\t<\/dt><\/dl><br style=\"clear: both\" \/>\n\t\t<\/div>\n\t\t<\/div>\n\t\t\t\t\t\t<\/div>\n\t\t\t\t<\/div>\n\t\t\t\t\t<\/div>\n\t\t<\/div>\n\t\t\t\t\t<\/div>\n\t\t<\/section>\n\t\t\t\t<\/div>","protected":false},"excerpt":{"rendered":"<p>Habitaci\u00f3n de 18m2 orientada al Sur. Consta de dos camas individuales m\u00f3viles, calefacci\u00f3n y ventilador de techo. En su sala de ba\u00f1o encontrar\u00e1n accesorios extras&hellip;<\/p>","protected":false},"author":3,"featured_media":5882,"parent":0,"menu_order":0,"comment_status":"closed","ping_status":"closed","template":"","meta":{"footnotes":""},"class_list":["post-6315","page","type-page","status-publish","has-post-thumbnail","hentry"],"_links":{"self":[{"href":"https:\/\/masiacangascons.com\/en\/wp-json\/wp\/v2\/pages\/6315","targetHints":{"allow":["GET"]}}],"collection":[{"href":"https:\/\/masiacangascons.com\/en\/wp-json\/wp\/v2\/pages"}],"about":[{"href":"https:\/\/masiacangascons.com\/en\/wp-json\/wp\/v2\/types\/page"}],"author":[{"embeddable":true,"href":"https:\/\/masiacangascons.com\/en\/wp-json\/wp\/v2\/users\/3"}],"replies":[{"embeddable":true,"href":"https:\/\/masiacangascons.com\/en\/wp-json\/wp\/v2\/comments?post=6315"}],"version-history":[{"count":0,"href":"https:\/\/masiacangascons.com\/en\/wp-json\/wp\/v2\/pages\/6315\/revisions"}],"wp:featuredmedia":[{"embeddable":true,"href":"https:\/\/masiacangascons.com\/en\/wp-json\/wp\/v2\/media\/5882"}],"wp:attachment":[{"href":"https:\/\/masiacangascons.com\/en\/wp-json\/wp\/v2\/media?parent=6315"}],"curies":[{"name":"wp","href":"https:\/\/api.w.org\/{rel}","templated":true}]}}