{"id":6321,"date":"2019-03-29T09:25:34","date_gmt":"2019-03-29T08:25:34","guid":{"rendered":"http:\/\/masiacangascons.com\/?page_id=6321"},"modified":"2020-03-17T19:20:50","modified_gmt":"2020-03-17T18:20:50","slug":"duplex-salvia","status":"publish","type":"page","link":"https:\/\/masiacangascons.com\/en\/duplex-salvia\/","title":{"rendered":"Salvia Duplex"},"content":{"rendered":"<div data-elementor-type=\"wp-post\" data-elementor-id=\"6321\" class=\"elementor elementor-6321\" data-elementor-post-type=\"page\">\n\t\t\t\t\t\t<section class=\"elementor-section elementor-top-section elementor-element elementor-element-1a8925e elementor-section-boxed elementor-section-height-default elementor-section-height-default\" data-id=\"1a8925e\" data-element_type=\"section\" data-e-type=\"section\">\n\t\t\t\t\t\t<div class=\"elementor-container elementor-column-gap-default\">\n\t\t\t\t\t<div class=\"elementor-column elementor-col-33 elementor-top-column elementor-element elementor-element-eee41e3\" data-id=\"eee41e3\" data-element_type=\"column\" data-e-type=\"column\">\n\t\t\t<div class=\"elementor-widget-wrap elementor-element-populated\">\n\t\t\t\t\t\t\t<\/div>\n\t\t<\/div>\n\t\t\t\t<div class=\"elementor-column elementor-col-33 elementor-top-column elementor-element elementor-element-41d5825\" data-id=\"41d5825\" data-element_type=\"column\" data-e-type=\"column\">\n\t\t\t<div class=\"elementor-widget-wrap elementor-element-populated\">\n\t\t\t\t\t\t<div class=\"elementor-element elementor-element-6fd9cf5 elementor-widget elementor-widget-text-editor\" data-id=\"6fd9cf5\" data-element_type=\"widget\" data-e-type=\"widget\" data-widget_type=\"text-editor.default\">\n\t\t\t\t<div class=\"elementor-widget-container\">\n\t\t\t\t\t\t\t\t\t<p>Orientada a Oeste y con 43 m2 se le puede dar el uso de suite para dos personas o de estancia pluri &#8211; familiar de hasta cinco personas. Consta de dos pisos, en el primero se halla la sala de ba\u00f1o y dos camas individuales separadas pero con posibilidad de ser unidas, en el piso superior se hallan dos camas individuales tambi\u00e9n m\u00f3viles. Esta habitaci\u00f3n da directamente a la terraza superior del jard\u00edn de la piscina, donde en verano se pueden disfrutar de unas puestas de sol privilegiadas.<\/p>\t\t\t\t\t\t\t\t<\/div>\n\t\t\t\t<\/div>\n\t\t\t\t\t<\/div>\n\t\t<\/div>\n\t\t\t\t<div class=\"elementor-column elementor-col-33 elementor-top-column elementor-element elementor-element-42fea2d\" data-id=\"42fea2d\" data-element_type=\"column\" data-e-type=\"column\">\n\t\t\t<div class=\"elementor-widget-wrap elementor-element-populated\">\n\t\t\t\t\t\t\t<\/div>\n\t\t<\/div>\n\t\t\t\t\t<\/div>\n\t\t<\/section>\n\t\t\t\t<section class=\"elementor-section elementor-top-section elementor-element elementor-element-02ccba3 elementor-section-boxed elementor-section-height-default elementor-section-height-default\" data-id=\"02ccba3\" data-element_type=\"section\" data-e-type=\"section\">\n\t\t\t\t\t\t<div class=\"elementor-container elementor-column-gap-default\">\n\t\t\t\t\t<div class=\"elementor-column elementor-col-100 elementor-top-column elementor-element elementor-element-8d2bdec\" data-id=\"8d2bdec\" data-element_type=\"column\" data-e-type=\"column\">\n\t\t\t<div class=\"elementor-widget-wrap elementor-element-populated\">\n\t\t\t\t\t\t<div class=\"elementor-element elementor-element-c62a3f6 elementor-widget elementor-widget-image-gallery\" data-id=\"c62a3f6\" data-element_type=\"widget\" data-e-type=\"widget\" data-widget_type=\"image-gallery.default\">\n\t\t\t\t<div class=\"elementor-widget-container\">\n\t\t\t\t\t\t\t<div class=\"elementor-image-gallery\">\n\t\t\t\n\t\t<style type=\"text\/css\">\n\t\t\t#gallery-1 {\n\t\t\t\tmargin: auto;\n\t\t\t}\n\t\t\t#gallery-1 .gallery-item {\n\t\t\t\tfloat: left;\n\t\t\t\tmargin-top: 10px;\n\t\t\t\ttext-align: center;\n\t\t\t\twidth: 33%;\n\t\t\t}\n\t\t\t#gallery-1 img {\n\t\t\t\tborder: 2px solid #cfcfcf;\n\t\t\t}\n\t\t\t#gallery-1 .gallery-caption {\n\t\t\t\tmargin-left: 0;\n\t\t\t}\n\t\t\t\/* see gallery_shortcode() in wp-includes\/media.php *\/\n\t\t<\/style>\n\t\t<div id='gallery-1' class='gallery galleryid-6321 gallery-columns-3 gallery-size-medium'><dl class='gallery-item'>\n\t\t\t<dt class='gallery-icon landscape'>\n\t\t\t\t<a data-elementor-open-lightbox=\"yes\" data-elementor-lightbox-slideshow=\"c62a3f6\" data-elementor-lightbox-title=\"MASIA CAN GASCONS_BAIXA18\" data-e-action-hash=\"#elementor-action%3Aaction%3Dlightbox%26settings%3DeyJpZCI6NzUzOSwidXJsIjoiaHR0cHM6XC9cL21hc2lhY2FuZ2FzY29ucy5jb21cL3dwLWNvbnRlbnRcL3VwbG9hZHNcLzIwMThcLzEyXC9NQVNJQS1DQU4tR0FTQ09OU19CQUlYQTE4LmpwZyIsInNsaWRlc2hvdyI6ImM2MmEzZjYifQ%3D%3D\" href='https:\/\/masiacangascons.com\/wp-content\/uploads\/2018\/12\/MASIA-CAN-GASCONS_BAIXA18.jpg'><img fetchpriority=\"high\" decoding=\"async\" width=\"300\" height=\"200\" src=\"https:\/\/masiacangascons.com\/wp-content\/uploads\/2018\/12\/MASIA-CAN-GASCONS_BAIXA18-300x200.jpg\" class=\"attachment-medium size-medium\" alt=\"\" aria-describedby=\"gallery-1-7539\" srcset=\"https:\/\/masiacangascons.com\/wp-content\/uploads\/2018\/12\/MASIA-CAN-GASCONS_BAIXA18-300x200.jpg 300w, https:\/\/masiacangascons.com\/wp-content\/uploads\/2018\/12\/MASIA-CAN-GASCONS_BAIXA18-1024x683.jpg 1024w, https:\/\/masiacangascons.com\/wp-content\/uploads\/2018\/12\/MASIA-CAN-GASCONS_BAIXA18.jpg 1500w\" sizes=\"(max-width: 300px) 100vw, 300px\" \/><\/a>\n\t\t\t<\/dt>\n\t\t\t\t<dd class='wp-caption-text gallery-caption' id='gallery-1-7539'>\n\t\t\t\tD\u00faplex Salva\n\t\t\t\t<\/dd><\/dl><dl class='gallery-item'>\n\t\t\t<dt class='gallery-icon landscape'>\n\t\t\t\t<a data-elementor-open-lightbox=\"yes\" data-elementor-lightbox-slideshow=\"c62a3f6\" data-elementor-lightbox-title=\"MASIA CAN GASCONS_BAIXA17\" data-e-action-hash=\"#elementor-action%3Aaction%3Dlightbox%26settings%3DeyJpZCI6NzUzOCwidXJsIjoiaHR0cHM6XC9cL21hc2lhY2FuZ2FzY29ucy5jb21cL3dwLWNvbnRlbnRcL3VwbG9hZHNcLzIwMThcLzEyXC9NQVNJQS1DQU4tR0FTQ09OU19CQUlYQTE3LmpwZyIsInNsaWRlc2hvdyI6ImM2MmEzZjYifQ%3D%3D\" href='https:\/\/masiacangascons.com\/wp-content\/uploads\/2018\/12\/MASIA-CAN-GASCONS_BAIXA17.jpg'><img decoding=\"async\" width=\"300\" height=\"200\" src=\"https:\/\/masiacangascons.com\/wp-content\/uploads\/2018\/12\/MASIA-CAN-GASCONS_BAIXA17-300x200.jpg\" class=\"attachment-medium size-medium\" alt=\"\" srcset=\"https:\/\/masiacangascons.com\/wp-content\/uploads\/2018\/12\/MASIA-CAN-GASCONS_BAIXA17-300x200.jpg 300w, https:\/\/masiacangascons.com\/wp-content\/uploads\/2018\/12\/MASIA-CAN-GASCONS_BAIXA17-1024x683.jpg 1024w, https:\/\/masiacangascons.com\/wp-content\/uploads\/2018\/12\/MASIA-CAN-GASCONS_BAIXA17.jpg 1500w\" sizes=\"(max-width: 300px) 100vw, 300px\" \/><\/a>\n\t\t\t<\/dt><\/dl><dl class='gallery-item'>\n\t\t\t<dt class='gallery-icon landscape'>\n\t\t\t\t<a data-elementor-open-lightbox=\"yes\" data-elementor-lightbox-slideshow=\"c62a3f6\" data-elementor-lightbox-title=\"MASIA CAN GASCONS_BAIXA38\" data-e-action-hash=\"#elementor-action%3Aaction%3Dlightbox%26settings%3DeyJpZCI6NzU0MywidXJsIjoiaHR0cHM6XC9cL21hc2lhY2FuZ2FzY29ucy5jb21cL3dwLWNvbnRlbnRcL3VwbG9hZHNcLzIwMThcLzEyXC9NQVNJQS1DQU4tR0FTQ09OU19CQUlYQTM4LmpwZyIsInNsaWRlc2hvdyI6ImM2MmEzZjYifQ%3D%3D\" href='https:\/\/masiacangascons.com\/wp-content\/uploads\/2018\/12\/MASIA-CAN-GASCONS_BAIXA38.jpg'><img decoding=\"async\" width=\"300\" height=\"200\" src=\"https:\/\/masiacangascons.com\/wp-content\/uploads\/2018\/12\/MASIA-CAN-GASCONS_BAIXA38-300x200.jpg\" class=\"attachment-medium size-medium\" alt=\"\" srcset=\"https:\/\/masiacangascons.com\/wp-content\/uploads\/2018\/12\/MASIA-CAN-GASCONS_BAIXA38-300x200.jpg 300w, https:\/\/masiacangascons.com\/wp-content\/uploads\/2018\/12\/MASIA-CAN-GASCONS_BAIXA38-1024x683.jpg 1024w, https:\/\/masiacangascons.com\/wp-content\/uploads\/2018\/12\/MASIA-CAN-GASCONS_BAIXA38.jpg 1500w\" sizes=\"(max-width: 300px) 100vw, 300px\" \/><\/a>\n\t\t\t<\/dt><\/dl><br style=\"clear: both\" \/><dl class='gallery-item'>\n\t\t\t<dt class='gallery-icon landscape'>\n\t\t\t\t<a data-elementor-open-lightbox=\"yes\" data-elementor-lightbox-slideshow=\"c62a3f6\" data-elementor-lightbox-title=\"MASIA CAN GASCONS_BAIXA37\" data-e-action-hash=\"#elementor-action%3Aaction%3Dlightbox%26settings%3DeyJpZCI6NzU0MiwidXJsIjoiaHR0cHM6XC9cL21hc2lhY2FuZ2FzY29ucy5jb21cL3dwLWNvbnRlbnRcL3VwbG9hZHNcLzIwMThcLzEyXC9NQVNJQS1DQU4tR0FTQ09OU19CQUlYQTM3LmpwZyIsInNsaWRlc2hvdyI6ImM2MmEzZjYifQ%3D%3D\" href='https:\/\/masiacangascons.com\/wp-content\/uploads\/2018\/12\/MASIA-CAN-GASCONS_BAIXA37.jpg'><img loading=\"lazy\" decoding=\"async\" width=\"300\" height=\"200\" src=\"https:\/\/masiacangascons.com\/wp-content\/uploads\/2018\/12\/MASIA-CAN-GASCONS_BAIXA37-300x200.jpg\" class=\"attachment-medium size-medium\" alt=\"\" aria-describedby=\"gallery-1-7542\" srcset=\"https:\/\/masiacangascons.com\/wp-content\/uploads\/2018\/12\/MASIA-CAN-GASCONS_BAIXA37-300x200.jpg 300w, https:\/\/masiacangascons.com\/wp-content\/uploads\/2018\/12\/MASIA-CAN-GASCONS_BAIXA37-1024x683.jpg 1024w, https:\/\/masiacangascons.com\/wp-content\/uploads\/2018\/12\/MASIA-CAN-GASCONS_BAIXA37.jpg 1500w\" sizes=\"(max-width: 300px) 100vw, 300px\" \/><\/a>\n\t\t\t<\/dt>\n\t\t\t\t<dd class='wp-caption-text gallery-caption' id='gallery-1-7542'>\n\t\t\t\tD\u00faplex Salva\n\t\t\t\t<\/dd><\/dl><dl class='gallery-item'>\n\t\t\t<dt class='gallery-icon landscape'>\n\t\t\t\t<a data-elementor-open-lightbox=\"yes\" data-elementor-lightbox-slideshow=\"c62a3f6\" data-elementor-lightbox-title=\"MASIA CAN GASCONS_BAIXA19\" data-e-action-hash=\"#elementor-action%3Aaction%3Dlightbox%26settings%3DeyJpZCI6NzU0MCwidXJsIjoiaHR0cHM6XC9cL21hc2lhY2FuZ2FzY29ucy5jb21cL3dwLWNvbnRlbnRcL3VwbG9hZHNcLzIwMThcLzEyXC9NQVNJQS1DQU4tR0FTQ09OU19CQUlYQTE5LmpwZyIsInNsaWRlc2hvdyI6ImM2MmEzZjYifQ%3D%3D\" href='https:\/\/masiacangascons.com\/wp-content\/uploads\/2018\/12\/MASIA-CAN-GASCONS_BAIXA19.jpg'><img loading=\"lazy\" decoding=\"async\" width=\"300\" height=\"200\" src=\"https:\/\/masiacangascons.com\/wp-content\/uploads\/2018\/12\/MASIA-CAN-GASCONS_BAIXA19-300x200.jpg\" class=\"attachment-medium size-medium\" alt=\"\" srcset=\"https:\/\/masiacangascons.com\/wp-content\/uploads\/2018\/12\/MASIA-CAN-GASCONS_BAIXA19-300x200.jpg 300w, https:\/\/masiacangascons.com\/wp-content\/uploads\/2018\/12\/MASIA-CAN-GASCONS_BAIXA19-1024x683.jpg 1024w, https:\/\/masiacangascons.com\/wp-content\/uploads\/2018\/12\/MASIA-CAN-GASCONS_BAIXA19.jpg 1500w\" sizes=\"(max-width: 300px) 100vw, 300px\" \/><\/a>\n\t\t\t<\/dt><\/dl><dl class='gallery-item'>\n\t\t\t<dt class='gallery-icon landscape'>\n\t\t\t\t<a data-elementor-open-lightbox=\"yes\" data-elementor-lightbox-slideshow=\"c62a3f6\" data-elementor-lightbox-title=\"MASIA CAN GASCONS_BAIXA20\" data-e-action-hash=\"#elementor-action%3Aaction%3Dlightbox%26settings%3DeyJpZCI6NzU0MSwidXJsIjoiaHR0cHM6XC9cL21hc2lhY2FuZ2FzY29ucy5jb21cL3dwLWNvbnRlbnRcL3VwbG9hZHNcLzIwMThcLzEyXC9NQVNJQS1DQU4tR0FTQ09OU19CQUlYQTIwLmpwZyIsInNsaWRlc2hvdyI6ImM2MmEzZjYifQ%3D%3D\" href='https:\/\/masiacangascons.com\/wp-content\/uploads\/2018\/12\/MASIA-CAN-GASCONS_BAIXA20.jpg'><img loading=\"lazy\" decoding=\"async\" width=\"300\" height=\"200\" src=\"https:\/\/masiacangascons.com\/wp-content\/uploads\/2018\/12\/MASIA-CAN-GASCONS_BAIXA20-300x200.jpg\" class=\"attachment-medium size-medium\" alt=\"\" srcset=\"https:\/\/masiacangascons.com\/wp-content\/uploads\/2018\/12\/MASIA-CAN-GASCONS_BAIXA20-300x200.jpg 300w, https:\/\/masiacangascons.com\/wp-content\/uploads\/2018\/12\/MASIA-CAN-GASCONS_BAIXA20-1024x683.jpg 1024w, https:\/\/masiacangascons.com\/wp-content\/uploads\/2018\/12\/MASIA-CAN-GASCONS_BAIXA20.jpg 1500w\" sizes=\"(max-width: 300px) 100vw, 300px\" \/><\/a>\n\t\t\t<\/dt><\/dl><br style=\"clear: both\" \/>\n\t\t<\/div>\n\t\t<\/div>\n\t\t\t\t\t\t<\/div>\n\t\t\t\t<\/div>\n\t\t\t\t\t<\/div>\n\t\t<\/div>\n\t\t\t\t\t<\/div>\n\t\t<\/section>\n\t\t\t\t<\/div>","protected":false},"excerpt":{"rendered":"<p>Orientada a Oeste y con 43 m2 se le puede dar el uso de suite para dos personas o de estancia pluri &#8211; familiar de&hellip;<\/p>","protected":false},"author":3,"featured_media":5913,"parent":0,"menu_order":0,"comment_status":"closed","ping_status":"closed","template":"","meta":{"footnotes":""},"class_list":["post-6321","page","type-page","status-publish","has-post-thumbnail","hentry"],"_links":{"self":[{"href":"https:\/\/masiacangascons.com\/en\/wp-json\/wp\/v2\/pages\/6321","targetHints":{"allow":["GET"]}}],"collection":[{"href":"https:\/\/masiacangascons.com\/en\/wp-json\/wp\/v2\/pages"}],"about":[{"href":"https:\/\/masiacangascons.com\/en\/wp-json\/wp\/v2\/types\/page"}],"author":[{"embeddable":true,"href":"https:\/\/masiacangascons.com\/en\/wp-json\/wp\/v2\/users\/3"}],"replies":[{"embeddable":true,"href":"https:\/\/masiacangascons.com\/en\/wp-json\/wp\/v2\/comments?post=6321"}],"version-history":[{"count":0,"href":"https:\/\/masiacangascons.com\/en\/wp-json\/wp\/v2\/pages\/6321\/revisions"}],"wp:featuredmedia":[{"embeddable":true,"href":"https:\/\/masiacangascons.com\/en\/wp-json\/wp\/v2\/media\/5913"}],"wp:attachment":[{"href":"https:\/\/masiacangascons.com\/en\/wp-json\/wp\/v2\/media?parent=6321"}],"curies":[{"name":"wp","href":"https:\/\/api.w.org\/{rel}","templated":true}]}}